{"id":274,"date":"2018-12-13T14:48:29","date_gmt":"2018-12-13T14:48:29","guid":{"rendered":"https:\/\/site.mlfmonde.org\/odette-du-puigaudeau-dakhla\/?page_id=274"},"modified":"2022-03-17T09:36:11","modified_gmt":"2022-03-17T08:36:11","slug":"presentationosui","status":"publish","type":"page","link":"https:\/\/site.mlfmonde.org\/odette-du-puigaudeau-dakhla\/presentationosui\/","title":{"rendered":"PR\u00c9SENTATION DE\u00a0L&rsquo;OSUI"},"content":{"rendered":"<h1 style=\"text-align: center\">\u00a0<\/h1>\n<hr \/>\n<p>Cr\u00e9e en 1996 sous forme d\u2019une association sans but lucratif par la Mission la\u00efque fran\u00e7aise dont il est l\u2019\u00e9manation directe, l\u2019Office scolaire et universitaire international (OSUI) s\u2019est donn\u00e9 pour objectif de r\u00e9pondre \u00e0 la demande croissante adress\u00e9e par les familles marocaines \u00e0 l\u2019enseignement fran\u00e7ais \u00e0 l\u2019\u00e9tranger.<\/p>\n<p>L\u2019OSUI agit dans le cadre des conventions culturelles liant la France et le Maroc.<\/p>\n<p>Aujourd\u2019hui, les\u00a0dix \u00e9tablissements de l\u2019OSUI scolarisent plus de 10 000 \u00e9l\u00e8ves dont 88% sont de nationalit\u00e9 marocaine. Ils sont homologu\u00e9s par le minist\u00e8re fran\u00e7ais de l\u2019\u00c9ducation nationale et vis\u00e9s par l\u2019annexe de la convention maroco-fran\u00e7aise de 2003 relative au partenariat pour la coop\u00e9ration culturelle et de d\u00e9veloppement. Par ailleurs, l\u2019OSUI est compris dans les conventions sign\u00e9es par la Mlf avec les deux minist\u00e8res fran\u00e7ais charg\u00e9s des Affaires \u00e9trang\u00e8res et de l\u2019\u00c9ducation nationale. Il b\u00e9n\u00e9ficie \u00e0 ce titre de tous les partenariats de l\u2019\u00c9ducation nationale sign\u00e9s par la Mlf. Il a \u00e9galement pass\u00e9 un accord cadre avec l\u2019AEFE.<\/p>\n<p>\u00a0<\/p>\n<p style=\"text-align: center\">\u00a0<\/p>\n\n\n<figure class=\"wp-block-embed is-type-video is-provider-youtube wp-block-embed-youtube wp-embed-aspect-16-9 wp-has-aspect-ratio\"><div class=\"wp-block-embed__wrapper\">\n<iframe loading=\"lazy\" title=\"Vid\u00e9o OSUI 2018\" width=\"1140\" height=\"641\" src=\"https:\/\/www.youtube.com\/embed\/B6hBV4q4mAk?feature=oembed\" frameborder=\"0\" allow=\"accelerometer; autoplay; clipboard-write; encrypted-media; gyroscope; picture-in-picture\" allowfullscreen><\/iframe>\n<\/div><\/figure>\n","protected":false},"excerpt":{"rendered":"<p>\u00a0 Cr\u00e9e en 1996 sous forme d\u2019une association sans but lucratif par la Mission la\u00efque fran\u00e7aise dont il est l\u2019\u00e9manation directe, l\u2019Office scolaire et universitaire international (OSUI) s\u2019est donn\u00e9 pour objectif de r\u00e9pondre \u00e0 la demande croissante adress\u00e9e par les familles marocaines \u00e0 l\u2019enseignement fran\u00e7ais \u00e0 l\u2019\u00e9tranger. L\u2019OSUI agit dans le cadre des conventions culturelles [&hellip;]<\/p>\n","protected":false},"author":156,"featured_media":1746,"parent":0,"menu_order":0,"comment_status":"closed","ping_status":"closed","template":"","meta":{"_exactmetrics_skip_tracking":false,"_exactmetrics_sitenote_active":false,"_exactmetrics_sitenote_note":"","_exactmetrics_sitenote_category":0,"footnotes":""},"class_list":["post-274","page","type-page","status-publish","has-post-thumbnail","czr-hentry"],"_links":{"self":[{"href":"https:\/\/site.mlfmonde.org\/odette-du-puigaudeau-dakhla\/wp-json\/wp\/v2\/pages\/274","targetHints":{"allow":["GET"]}}],"collection":[{"href":"https:\/\/site.mlfmonde.org\/odette-du-puigaudeau-dakhla\/wp-json\/wp\/v2\/pages"}],"about":[{"href":"https:\/\/site.mlfmonde.org\/odette-du-puigaudeau-dakhla\/wp-json\/wp\/v2\/types\/page"}],"author":[{"embeddable":true,"href":"https:\/\/site.mlfmonde.org\/odette-du-puigaudeau-dakhla\/wp-json\/wp\/v2\/users\/156"}],"replies":[{"embeddable":true,"href":"https:\/\/site.mlfmonde.org\/odette-du-puigaudeau-dakhla\/wp-json\/wp\/v2\/comments?post=274"}],"version-history":[{"count":7,"href":"https:\/\/site.mlfmonde.org\/odette-du-puigaudeau-dakhla\/wp-json\/wp\/v2\/pages\/274\/revisions"}],"predecessor-version":[{"id":2087,"href":"https:\/\/site.mlfmonde.org\/odette-du-puigaudeau-dakhla\/wp-json\/wp\/v2\/pages\/274\/revisions\/2087"}],"wp:featuredmedia":[{"embeddable":true,"href":"https:\/\/site.mlfmonde.org\/odette-du-puigaudeau-dakhla\/wp-json\/wp\/v2\/media\/1746"}],"wp:attachment":[{"href":"https:\/\/site.mlfmonde.org\/odette-du-puigaudeau-dakhla\/wp-json\/wp\/v2\/media?parent=274"}],"curies":[{"name":"wp","href":"https:\/\/api.w.org\/{rel}","templated":true}]}}