{"id":2523,"date":"2022-10-13T11:29:00","date_gmt":"2022-10-13T10:29:00","guid":{"rendered":"https:\/\/site.mlfmonde.org\/odette-du-puigaudeau-dakhla\/?page_id=2523"},"modified":"2022-10-20T09:55:05","modified_gmt":"2022-10-20T08:55:05","slug":"la-grande-lessive","status":"publish","type":"page","link":"https:\/\/site.mlfmonde.org\/odette-du-puigaudeau-dakhla\/la-grande-lessive\/","title":{"rendered":"La Grande Lessive\u00ae"},"content":{"rendered":"\n<div class=\"wp-block-image\"><figure class=\"aligncenter size-large is-resized\"><img loading=\"lazy\" decoding=\"async\" src=\"https:\/\/site.mlfmonde.org\/odette-du-puigaudeau-dakhla\/wp-content\/uploads\/sites\/18\/2022\/10\/Ajouter-un-titre-2-1024x577.png\" alt=\"\" class=\"wp-image-2525\" width=\"664\" height=\"373\" srcset=\"https:\/\/site.mlfmonde.org\/odette-du-puigaudeau-dakhla\/wp-content\/uploads\/sites\/18\/2022\/10\/Ajouter-un-titre-2-1024x577.png 1024w, https:\/\/site.mlfmonde.org\/odette-du-puigaudeau-dakhla\/wp-content\/uploads\/sites\/18\/2022\/10\/Ajouter-un-titre-2-300x169.png 300w, https:\/\/site.mlfmonde.org\/odette-du-puigaudeau-dakhla\/wp-content\/uploads\/sites\/18\/2022\/10\/Ajouter-un-titre-2-768x433.png 768w, https:\/\/site.mlfmonde.org\/odette-du-puigaudeau-dakhla\/wp-content\/uploads\/sites\/18\/2022\/10\/Ajouter-un-titre-2-1536x865.png 1536w, https:\/\/site.mlfmonde.org\/odette-du-puigaudeau-dakhla\/wp-content\/uploads\/sites\/18\/2022\/10\/Ajouter-un-titre-2-570x321.png 570w, https:\/\/site.mlfmonde.org\/odette-du-puigaudeau-dakhla\/wp-content\/uploads\/sites\/18\/2022\/10\/Ajouter-un-titre-2-1110x624.png 1110w, https:\/\/site.mlfmonde.org\/odette-du-puigaudeau-dakhla\/wp-content\/uploads\/sites\/18\/2022\/10\/Ajouter-un-titre-2-528x297.png 528w, https:\/\/site.mlfmonde.org\/odette-du-puigaudeau-dakhla\/wp-content\/uploads\/sites\/18\/2022\/10\/Ajouter-un-titre-2.png 1640w\" sizes=\"auto, (max-width: 664px) 100vw, 664px\" \/><\/figure><\/div>\n\n\n\n<p>Cette ann\u00e9e encore, les \u00e9l\u00e8ves du primaire participent \u00e0 la <em>Grande Lessive\u00ae<\/em>,&nbsp;une manifestation culturelle internationale biannuelle qui adopte la forme d\u2019une installation artistique \u00e9ph\u00e9m\u00e8re faite par tous.<\/p>\n\n\n\n<p>Pour cette \u00e9dition l\u2019incitation donn\u00e9e aux \u00e9l\u00e8ves&nbsp;est&nbsp;<em>La couleur de mes r\u00eaves<\/em><\/p>\n\n\n\n<p><em>Quel nom donner au r\u00eave&nbsp;: r\u00eaverie, songe, utopie, chim\u00e8re, d\u00e9lire, esp\u00e9rance, aspiration, \u00e9vasion\u2026 et quelles couleurs attribuer aux uns et aux autres&nbsp;?<\/em><\/p>\n\n\n\n<p>D\u00e8s le 20 octobre venez nombreux pour admirer nos \u0153uvres color\u00e9es, elles seront suspendues dans le hall de l\u2019\u00e9cole et dans le couloir des maternelles.<\/p>\n\n\n\n<figure class=\"wp-block-gallery has-nested-images columns-default is-cropped wp-block-gallery-1 is-layout-flex wp-block-gallery-is-layout-flex\">\n<figure class=\"wp-block-image size-large\"><img loading=\"lazy\" decoding=\"async\" width=\"820\" height=\"1024\" data-id=\"2556\" src=\"https:\/\/site.mlfmonde.org\/odette-du-puigaudeau-dakhla\/wp-content\/uploads\/sites\/18\/2022\/10\/18EBCFF1-6304-4F3E-858C-59832DE65132-820x1024.jpeg\" alt=\"\" class=\"wp-image-2556\" srcset=\"https:\/\/site.mlfmonde.org\/odette-du-puigaudeau-dakhla\/wp-content\/uploads\/sites\/18\/2022\/10\/18EBCFF1-6304-4F3E-858C-59832DE65132-820x1024.jpeg 820w, https:\/\/site.mlfmonde.org\/odette-du-puigaudeau-dakhla\/wp-content\/uploads\/sites\/18\/2022\/10\/18EBCFF1-6304-4F3E-858C-59832DE65132-240x300.jpeg 240w, https:\/\/site.mlfmonde.org\/odette-du-puigaudeau-dakhla\/wp-content\/uploads\/sites\/18\/2022\/10\/18EBCFF1-6304-4F3E-858C-59832DE65132-768x959.jpeg 768w, https:\/\/site.mlfmonde.org\/odette-du-puigaudeau-dakhla\/wp-content\/uploads\/sites\/18\/2022\/10\/18EBCFF1-6304-4F3E-858C-59832DE65132-1229x1536.jpeg 1229w, https:\/\/site.mlfmonde.org\/odette-du-puigaudeau-dakhla\/wp-content\/uploads\/sites\/18\/2022\/10\/18EBCFF1-6304-4F3E-858C-59832DE65132-570x712.jpeg 570w, https:\/\/site.mlfmonde.org\/odette-du-puigaudeau-dakhla\/wp-content\/uploads\/sites\/18\/2022\/10\/18EBCFF1-6304-4F3E-858C-59832DE65132.jpeg 1440w\" sizes=\"auto, (max-width: 820px) 100vw, 820px\" \/><\/figure>\n\n\n\n<figure class=\"wp-block-image size-large\"><img loading=\"lazy\" decoding=\"async\" width=\"768\" height=\"1024\" data-id=\"2559\" src=\"https:\/\/site.mlfmonde.org\/odette-du-puigaudeau-dakhla\/wp-content\/uploads\/sites\/18\/2022\/10\/IMG_9798-768x1024.jpeg\" alt=\"\" class=\"wp-image-2559\" srcset=\"https:\/\/site.mlfmonde.org\/odette-du-puigaudeau-dakhla\/wp-content\/uploads\/sites\/18\/2022\/10\/IMG_9798-768x1024.jpeg 768w, https:\/\/site.mlfmonde.org\/odette-du-puigaudeau-dakhla\/wp-content\/uploads\/sites\/18\/2022\/10\/IMG_9798-225x300.jpeg 225w, https:\/\/site.mlfmonde.org\/odette-du-puigaudeau-dakhla\/wp-content\/uploads\/sites\/18\/2022\/10\/IMG_9798-1152x1536.jpeg 1152w, https:\/\/site.mlfmonde.org\/odette-du-puigaudeau-dakhla\/wp-content\/uploads\/sites\/18\/2022\/10\/IMG_9798-1536x2048.jpeg 1536w, https:\/\/site.mlfmonde.org\/odette-du-puigaudeau-dakhla\/wp-content\/uploads\/sites\/18\/2022\/10\/IMG_9798-570x760.jpeg 570w, https:\/\/site.mlfmonde.org\/odette-du-puigaudeau-dakhla\/wp-content\/uploads\/sites\/18\/2022\/10\/IMG_9798-scaled.jpeg 1920w\" sizes=\"auto, (max-width: 768px) 100vw, 768px\" \/><\/figure>\n\n\n\n<figure class=\"wp-block-image size-large\"><img loading=\"lazy\" decoding=\"async\" width=\"1024\" height=\"768\" data-id=\"2560\" src=\"https:\/\/site.mlfmonde.org\/odette-du-puigaudeau-dakhla\/wp-content\/uploads\/sites\/18\/2022\/10\/IMG_9809-1024x768.jpeg\" alt=\"\" class=\"wp-image-2560\" srcset=\"https:\/\/site.mlfmonde.org\/odette-du-puigaudeau-dakhla\/wp-content\/uploads\/sites\/18\/2022\/10\/IMG_9809-1024x768.jpeg 1024w, https:\/\/site.mlfmonde.org\/odette-du-puigaudeau-dakhla\/wp-content\/uploads\/sites\/18\/2022\/10\/IMG_9809-300x225.jpeg 300w, https:\/\/site.mlfmonde.org\/odette-du-puigaudeau-dakhla\/wp-content\/uploads\/sites\/18\/2022\/10\/IMG_9809-768x576.jpeg 768w, https:\/\/site.mlfmonde.org\/odette-du-puigaudeau-dakhla\/wp-content\/uploads\/sites\/18\/2022\/10\/IMG_9809-1536x1152.jpeg 1536w, https:\/\/site.mlfmonde.org\/odette-du-puigaudeau-dakhla\/wp-content\/uploads\/sites\/18\/2022\/10\/IMG_9809-2048x1536.jpeg 2048w, https:\/\/site.mlfmonde.org\/odette-du-puigaudeau-dakhla\/wp-content\/uploads\/sites\/18\/2022\/10\/IMG_9809-570x428.jpeg 570w\" sizes=\"auto, (max-width: 1024px) 100vw, 1024px\" \/><\/figure>\n\n\n\n<figure class=\"wp-block-image size-large\"><img loading=\"lazy\" decoding=\"async\" width=\"820\" height=\"1024\" data-id=\"2558\" src=\"https:\/\/site.mlfmonde.org\/odette-du-puigaudeau-dakhla\/wp-content\/uploads\/sites\/18\/2022\/10\/8D83ECD7-24D6-4994-9316-371F44098F89-820x1024.jpeg\" alt=\"\" class=\"wp-image-2558\" srcset=\"https:\/\/site.mlfmonde.org\/odette-du-puigaudeau-dakhla\/wp-content\/uploads\/sites\/18\/2022\/10\/8D83ECD7-24D6-4994-9316-371F44098F89-820x1024.jpeg 820w, https:\/\/site.mlfmonde.org\/odette-du-puigaudeau-dakhla\/wp-content\/uploads\/sites\/18\/2022\/10\/8D83ECD7-24D6-4994-9316-371F44098F89-240x300.jpeg 240w, https:\/\/site.mlfmonde.org\/odette-du-puigaudeau-dakhla\/wp-content\/uploads\/sites\/18\/2022\/10\/8D83ECD7-24D6-4994-9316-371F44098F89-768x959.jpeg 768w, https:\/\/site.mlfmonde.org\/odette-du-puigaudeau-dakhla\/wp-content\/uploads\/sites\/18\/2022\/10\/8D83ECD7-24D6-4994-9316-371F44098F89-1229x1536.jpeg 1229w, https:\/\/site.mlfmonde.org\/odette-du-puigaudeau-dakhla\/wp-content\/uploads\/sites\/18\/2022\/10\/8D83ECD7-24D6-4994-9316-371F44098F89-570x712.jpeg 570w, https:\/\/site.mlfmonde.org\/odette-du-puigaudeau-dakhla\/wp-content\/uploads\/sites\/18\/2022\/10\/8D83ECD7-24D6-4994-9316-371F44098F89.jpeg 1440w\" sizes=\"auto, (max-width: 820px) 100vw, 820px\" \/><\/figure>\n\n\n\n<figure class=\"wp-block-image size-large\"><img loading=\"lazy\" decoding=\"async\" width=\"819\" height=\"1024\" data-id=\"2557\" src=\"https:\/\/site.mlfmonde.org\/odette-du-puigaudeau-dakhla\/wp-content\/uploads\/sites\/18\/2022\/10\/2BC4C4CC-3D3E-48F7-836C-657EA9BFB77E-819x1024.jpeg\" alt=\"\" class=\"wp-image-2557\" srcset=\"https:\/\/site.mlfmonde.org\/odette-du-puigaudeau-dakhla\/wp-content\/uploads\/sites\/18\/2022\/10\/2BC4C4CC-3D3E-48F7-836C-657EA9BFB77E-819x1024.jpeg 819w, https:\/\/site.mlfmonde.org\/odette-du-puigaudeau-dakhla\/wp-content\/uploads\/sites\/18\/2022\/10\/2BC4C4CC-3D3E-48F7-836C-657EA9BFB77E-240x300.jpeg 240w, https:\/\/site.mlfmonde.org\/odette-du-puigaudeau-dakhla\/wp-content\/uploads\/sites\/18\/2022\/10\/2BC4C4CC-3D3E-48F7-836C-657EA9BFB77E-768x960.jpeg 768w, https:\/\/site.mlfmonde.org\/odette-du-puigaudeau-dakhla\/wp-content\/uploads\/sites\/18\/2022\/10\/2BC4C4CC-3D3E-48F7-836C-657EA9BFB77E-1229x1536.jpeg 1229w, https:\/\/site.mlfmonde.org\/odette-du-puigaudeau-dakhla\/wp-content\/uploads\/sites\/18\/2022\/10\/2BC4C4CC-3D3E-48F7-836C-657EA9BFB77E-570x713.jpeg 570w, https:\/\/site.mlfmonde.org\/odette-du-puigaudeau-dakhla\/wp-content\/uploads\/sites\/18\/2022\/10\/2BC4C4CC-3D3E-48F7-836C-657EA9BFB77E.jpeg 1440w\" sizes=\"auto, (max-width: 819px) 100vw, 819px\" \/><\/figure>\n<\/figure>\n","protected":false},"excerpt":{"rendered":"<p>Cette ann\u00e9e encore, les \u00e9l\u00e8ves du primaire participent \u00e0 la Grande Lessive\u00ae,&nbsp;une manifestation culturelle internationale biannuelle qui adopte la forme d\u2019une installation artistique \u00e9ph\u00e9m\u00e8re faite par tous. Pour cette \u00e9dition l\u2019incitation donn\u00e9e aux \u00e9l\u00e8ves&nbsp;est&nbsp;La couleur de mes r\u00eaves Quel nom donner au r\u00eave&nbsp;: r\u00eaverie, songe, utopie, chim\u00e8re, d\u00e9lire, esp\u00e9rance, aspiration, \u00e9vasion\u2026 et quelles couleurs attribuer [&hellip;]<\/p>\n","protected":false},"author":156,"featured_media":0,"parent":0,"menu_order":0,"comment_status":"closed","ping_status":"closed","template":"","meta":{"_exactmetrics_skip_tracking":false,"_exactmetrics_sitenote_active":false,"_exactmetrics_sitenote_note":"","_exactmetrics_sitenote_category":0,"footnotes":""},"class_list":["post-2523","page","type-page","status-publish","czr-hentry"],"_links":{"self":[{"href":"https:\/\/site.mlfmonde.org\/odette-du-puigaudeau-dakhla\/wp-json\/wp\/v2\/pages\/2523","targetHints":{"allow":["GET"]}}],"collection":[{"href":"https:\/\/site.mlfmonde.org\/odette-du-puigaudeau-dakhla\/wp-json\/wp\/v2\/pages"}],"about":[{"href":"https:\/\/site.mlfmonde.org\/odette-du-puigaudeau-dakhla\/wp-json\/wp\/v2\/types\/page"}],"author":[{"embeddable":true,"href":"https:\/\/site.mlfmonde.org\/odette-du-puigaudeau-dakhla\/wp-json\/wp\/v2\/users\/156"}],"replies":[{"embeddable":true,"href":"https:\/\/site.mlfmonde.org\/odette-du-puigaudeau-dakhla\/wp-json\/wp\/v2\/comments?post=2523"}],"version-history":[{"count":3,"href":"https:\/\/site.mlfmonde.org\/odette-du-puigaudeau-dakhla\/wp-json\/wp\/v2\/pages\/2523\/revisions"}],"predecessor-version":[{"id":2563,"href":"https:\/\/site.mlfmonde.org\/odette-du-puigaudeau-dakhla\/wp-json\/wp\/v2\/pages\/2523\/revisions\/2563"}],"wp:attachment":[{"href":"https:\/\/site.mlfmonde.org\/odette-du-puigaudeau-dakhla\/wp-json\/wp\/v2\/media?parent=2523"}],"curies":[{"name":"wp","href":"https:\/\/api.w.org\/{rel}","templated":true}]}}