{"id":2511,"date":"2022-10-06T12:00:36","date_gmt":"2022-10-06T11:00:36","guid":{"rendered":"https:\/\/site.mlfmonde.org\/odette-du-puigaudeau-dakhla\/?page_id=2511"},"modified":"2022-10-06T12:02:58","modified_gmt":"2022-10-06T11:02:58","slug":"les-elections-des-delegues-de-classes","status":"publish","type":"page","link":"https:\/\/site.mlfmonde.org\/odette-du-puigaudeau-dakhla\/les-elections-des-delegues-de-classes\/","title":{"rendered":"Les \u00e9lections des d\u00e9l\u00e9gu\u00e9s de classes"},"content":{"rendered":"\n<p>Le vendredi 23 Septembre a eu lieu l&rsquo;\u00e9lection des d\u00e9l\u00e9gu\u00e9s de classes du coll\u00e8ge et du lyc\u00e9e et le Lundi 03 Octobre au primaire.<\/p>\n\n\n\n<figure class=\"wp-block-gallery has-nested-images columns-default is-cropped wp-block-gallery-1 is-layout-flex wp-block-gallery-is-layout-flex\">\n<figure class=\"wp-block-image size-large\"><img loading=\"lazy\" decoding=\"async\" width=\"769\" height=\"1024\" data-id=\"2515\" src=\"https:\/\/site.mlfmonde.org\/odette-du-puigaudeau-dakhla\/wp-content\/uploads\/sites\/18\/2022\/10\/1664982912889-769x1024.jpg\" alt=\"\" class=\"wp-image-2515\" srcset=\"https:\/\/site.mlfmonde.org\/odette-du-puigaudeau-dakhla\/wp-content\/uploads\/sites\/18\/2022\/10\/1664982912889-769x1024.jpg 769w, https:\/\/site.mlfmonde.org\/odette-du-puigaudeau-dakhla\/wp-content\/uploads\/sites\/18\/2022\/10\/1664982912889-225x300.jpg 225w, https:\/\/site.mlfmonde.org\/odette-du-puigaudeau-dakhla\/wp-content\/uploads\/sites\/18\/2022\/10\/1664982912889-768x1023.jpg 768w, https:\/\/site.mlfmonde.org\/odette-du-puigaudeau-dakhla\/wp-content\/uploads\/sites\/18\/2022\/10\/1664982912889-1153x1536.jpg 1153w, https:\/\/site.mlfmonde.org\/odette-du-puigaudeau-dakhla\/wp-content\/uploads\/sites\/18\/2022\/10\/1664982912889-1538x2048.jpg 1538w, https:\/\/site.mlfmonde.org\/odette-du-puigaudeau-dakhla\/wp-content\/uploads\/sites\/18\/2022\/10\/1664982912889-570x759.jpg 570w, https:\/\/site.mlfmonde.org\/odette-du-puigaudeau-dakhla\/wp-content\/uploads\/sites\/18\/2022\/10\/1664982912889-scaled.jpg 1922w\" sizes=\"auto, (max-width: 769px) 100vw, 769px\" \/><\/figure>\n\n\n\n<figure class=\"wp-block-image size-large\"><img loading=\"lazy\" decoding=\"async\" width=\"473\" height=\"1024\" data-id=\"2513\" src=\"https:\/\/site.mlfmonde.org\/odette-du-puigaudeau-dakhla\/wp-content\/uploads\/sites\/18\/2022\/10\/008.20221004091053-473x1024.jpg\" alt=\"\" class=\"wp-image-2513\" srcset=\"https:\/\/site.mlfmonde.org\/odette-du-puigaudeau-dakhla\/wp-content\/uploads\/sites\/18\/2022\/10\/008.20221004091053-473x1024.jpg 473w, https:\/\/site.mlfmonde.org\/odette-du-puigaudeau-dakhla\/wp-content\/uploads\/sites\/18\/2022\/10\/008.20221004091053-138x300.jpg 138w, https:\/\/site.mlfmonde.org\/odette-du-puigaudeau-dakhla\/wp-content\/uploads\/sites\/18\/2022\/10\/008.20221004091053-768x1664.jpg 768w, https:\/\/site.mlfmonde.org\/odette-du-puigaudeau-dakhla\/wp-content\/uploads\/sites\/18\/2022\/10\/008.20221004091053-709x1536.jpg 709w, https:\/\/site.mlfmonde.org\/odette-du-puigaudeau-dakhla\/wp-content\/uploads\/sites\/18\/2022\/10\/008.20221004091053-945x2048.jpg 945w, https:\/\/site.mlfmonde.org\/odette-du-puigaudeau-dakhla\/wp-content\/uploads\/sites\/18\/2022\/10\/008.20221004091053-570x1235.jpg 570w, https:\/\/site.mlfmonde.org\/odette-du-puigaudeau-dakhla\/wp-content\/uploads\/sites\/18\/2022\/10\/008.20221004091053-scaled.jpg 1182w\" sizes=\"auto, (max-width: 473px) 100vw, 473px\" \/><\/figure>\n\n\n\n<figure class=\"wp-block-image size-large\"><img loading=\"lazy\" decoding=\"async\" width=\"1024\" height=\"628\" data-id=\"2512\" src=\"https:\/\/site.mlfmonde.org\/odette-du-puigaudeau-dakhla\/wp-content\/uploads\/sites\/18\/2022\/10\/015.IMG20221004WA0012-1024x628.jpg\" alt=\"\" class=\"wp-image-2512\" srcset=\"https:\/\/site.mlfmonde.org\/odette-du-puigaudeau-dakhla\/wp-content\/uploads\/sites\/18\/2022\/10\/015.IMG20221004WA0012-1024x628.jpg 1024w, https:\/\/site.mlfmonde.org\/odette-du-puigaudeau-dakhla\/wp-content\/uploads\/sites\/18\/2022\/10\/015.IMG20221004WA0012-300x184.jpg 300w, https:\/\/site.mlfmonde.org\/odette-du-puigaudeau-dakhla\/wp-content\/uploads\/sites\/18\/2022\/10\/015.IMG20221004WA0012-768x471.jpg 768w, https:\/\/site.mlfmonde.org\/odette-du-puigaudeau-dakhla\/wp-content\/uploads\/sites\/18\/2022\/10\/015.IMG20221004WA0012-570x350.jpg 570w, https:\/\/site.mlfmonde.org\/odette-du-puigaudeau-dakhla\/wp-content\/uploads\/sites\/18\/2022\/10\/015.IMG20221004WA0012.jpg 1200w\" sizes=\"auto, (max-width: 1024px) 100vw, 1024px\" \/><\/figure>\n\n\n\n<figure class=\"wp-block-image size-large\"><img loading=\"lazy\" decoding=\"async\" width=\"1024\" height=\"473\" data-id=\"2514\" src=\"https:\/\/site.mlfmonde.org\/odette-du-puigaudeau-dakhla\/wp-content\/uploads\/sites\/18\/2022\/10\/013.20221004103702-1024x473.jpg\" alt=\"\" class=\"wp-image-2514\" srcset=\"https:\/\/site.mlfmonde.org\/odette-du-puigaudeau-dakhla\/wp-content\/uploads\/sites\/18\/2022\/10\/013.20221004103702-1024x473.jpg 1024w, https:\/\/site.mlfmonde.org\/odette-du-puigaudeau-dakhla\/wp-content\/uploads\/sites\/18\/2022\/10\/013.20221004103702-300x138.jpg 300w, https:\/\/site.mlfmonde.org\/odette-du-puigaudeau-dakhla\/wp-content\/uploads\/sites\/18\/2022\/10\/013.20221004103702-768x354.jpg 768w, https:\/\/site.mlfmonde.org\/odette-du-puigaudeau-dakhla\/wp-content\/uploads\/sites\/18\/2022\/10\/013.20221004103702-1536x709.jpg 1536w, https:\/\/site.mlfmonde.org\/odette-du-puigaudeau-dakhla\/wp-content\/uploads\/sites\/18\/2022\/10\/013.20221004103702-570x263.jpg 570w, https:\/\/site.mlfmonde.org\/odette-du-puigaudeau-dakhla\/wp-content\/uploads\/sites\/18\/2022\/10\/013.20221004103702.jpg 2000w\" sizes=\"auto, (max-width: 1024px) 100vw, 1024px\" \/><\/figure>\n<\/figure>\n","protected":false},"excerpt":{"rendered":"<p>Le vendredi 23 Septembre a eu lieu l&rsquo;\u00e9lection des d\u00e9l\u00e9gu\u00e9s de classes du coll\u00e8ge et du lyc\u00e9e et le Lundi 03 Octobre au primaire.<\/p>\n","protected":false},"author":156,"featured_media":0,"parent":0,"menu_order":0,"comment_status":"closed","ping_status":"closed","template":"","meta":{"_exactmetrics_skip_tracking":false,"_exactmetrics_sitenote_active":false,"_exactmetrics_sitenote_note":"","_exactmetrics_sitenote_category":0,"footnotes":""},"class_list":["post-2511","page","type-page","status-publish","czr-hentry"],"_links":{"self":[{"href":"https:\/\/site.mlfmonde.org\/odette-du-puigaudeau-dakhla\/wp-json\/wp\/v2\/pages\/2511","targetHints":{"allow":["GET"]}}],"collection":[{"href":"https:\/\/site.mlfmonde.org\/odette-du-puigaudeau-dakhla\/wp-json\/wp\/v2\/pages"}],"about":[{"href":"https:\/\/site.mlfmonde.org\/odette-du-puigaudeau-dakhla\/wp-json\/wp\/v2\/types\/page"}],"author":[{"embeddable":true,"href":"https:\/\/site.mlfmonde.org\/odette-du-puigaudeau-dakhla\/wp-json\/wp\/v2\/users\/156"}],"replies":[{"embeddable":true,"href":"https:\/\/site.mlfmonde.org\/odette-du-puigaudeau-dakhla\/wp-json\/wp\/v2\/comments?post=2511"}],"version-history":[{"count":3,"href":"https:\/\/site.mlfmonde.org\/odette-du-puigaudeau-dakhla\/wp-json\/wp\/v2\/pages\/2511\/revisions"}],"predecessor-version":[{"id":2520,"href":"https:\/\/site.mlfmonde.org\/odette-du-puigaudeau-dakhla\/wp-json\/wp\/v2\/pages\/2511\/revisions\/2520"}],"wp:attachment":[{"href":"https:\/\/site.mlfmonde.org\/odette-du-puigaudeau-dakhla\/wp-json\/wp\/v2\/media?parent=2511"}],"curies":[{"name":"wp","href":"https:\/\/api.w.org\/{rel}","templated":true}]}}