{"id":2343,"date":"2022-05-30T16:24:54","date_gmt":"2022-05-30T15:24:54","guid":{"rendered":"https:\/\/site.mlfmonde.org\/odette-du-puigaudeau-dakhla\/?page_id=2343"},"modified":"2022-05-30T16:24:55","modified_gmt":"2022-05-30T15:24:55","slug":"une-cour-de-recreation-plus-design-pour-nos-petits","status":"publish","type":"page","link":"https:\/\/site.mlfmonde.org\/odette-du-puigaudeau-dakhla\/une-cour-de-recreation-plus-design-pour-nos-petits\/","title":{"rendered":"Une cour de r\u00e9cr\u00e9ation plus design pour nos petits"},"content":{"rendered":"\n<p><strong>Quoi de mieux que de jouer \u00e0 la marelle pendant les r\u00e9cr\u00e9ations ?<\/strong><\/p>\n\n\n\n<div class=\"wp-block-image\"><figure class=\"aligncenter\"><img loading=\"lazy\" decoding=\"async\" width=\"1024\" height=\"460\" src=\"https:\/\/site.mlfmonde.org\/odette-du-puigaudeau-dakhla\/wp-content\/uploads\/sites\/18\/2022\/02\/1457fe27-3e69-445b-ad07-5c47217d99d5-1024x460.jpg\" alt=\"\" class=\"wp-image-1966\" srcset=\"https:\/\/site.mlfmonde.org\/odette-du-puigaudeau-dakhla\/wp-content\/uploads\/sites\/18\/2022\/02\/1457fe27-3e69-445b-ad07-5c47217d99d5-1024x460.jpg 1024w, https:\/\/site.mlfmonde.org\/odette-du-puigaudeau-dakhla\/wp-content\/uploads\/sites\/18\/2022\/02\/1457fe27-3e69-445b-ad07-5c47217d99d5-300x135.jpg 300w, https:\/\/site.mlfmonde.org\/odette-du-puigaudeau-dakhla\/wp-content\/uploads\/sites\/18\/2022\/02\/1457fe27-3e69-445b-ad07-5c47217d99d5-768x345.jpg 768w, https:\/\/site.mlfmonde.org\/odette-du-puigaudeau-dakhla\/wp-content\/uploads\/sites\/18\/2022\/02\/1457fe27-3e69-445b-ad07-5c47217d99d5-570x256.jpg 570w, https:\/\/site.mlfmonde.org\/odette-du-puigaudeau-dakhla\/wp-content\/uploads\/sites\/18\/2022\/02\/1457fe27-3e69-445b-ad07-5c47217d99d5-1110x500.jpg 1110w, https:\/\/site.mlfmonde.org\/odette-du-puigaudeau-dakhla\/wp-content\/uploads\/sites\/18\/2022\/02\/1457fe27-3e69-445b-ad07-5c47217d99d5.jpg 1280w\" sizes=\"auto, (max-width: 1024px) 100vw, 1024px\" \/><\/figure><\/div>\n\n\n\n<figure class=\"wp-block-image\"><a href=\"https:\/\/site.mlfmonde.org\/odette-du-puigaudeau-dakhla\/2022\/02\/01\/une-cour-de-recreation-plus-design-pour-nos-petits\/244505607_401644114707066_8828737277708135921_n\/\"><img loading=\"lazy\" decoding=\"async\" width=\"1024\" height=\"461\" src=\"https:\/\/site.mlfmonde.org\/odette-du-puigaudeau-dakhla\/wp-content\/uploads\/sites\/18\/2022\/02\/244505607_401644114707066_8828737277708135921_n-1024x461.jpg\" alt=\"\" class=\"wp-image-1972\" srcset=\"https:\/\/site.mlfmonde.org\/odette-du-puigaudeau-dakhla\/wp-content\/uploads\/sites\/18\/2022\/02\/244505607_401644114707066_8828737277708135921_n-1024x461.jpg 1024w, https:\/\/site.mlfmonde.org\/odette-du-puigaudeau-dakhla\/wp-content\/uploads\/sites\/18\/2022\/02\/244505607_401644114707066_8828737277708135921_n-300x135.jpg 300w, https:\/\/site.mlfmonde.org\/odette-du-puigaudeau-dakhla\/wp-content\/uploads\/sites\/18\/2022\/02\/244505607_401644114707066_8828737277708135921_n-768x346.jpg 768w, https:\/\/site.mlfmonde.org\/odette-du-puigaudeau-dakhla\/wp-content\/uploads\/sites\/18\/2022\/02\/244505607_401644114707066_8828737277708135921_n-570x257.jpg 570w, https:\/\/site.mlfmonde.org\/odette-du-puigaudeau-dakhla\/wp-content\/uploads\/sites\/18\/2022\/02\/244505607_401644114707066_8828737277708135921_n-1110x500.jpg 1110w, https:\/\/site.mlfmonde.org\/odette-du-puigaudeau-dakhla\/wp-content\/uploads\/sites\/18\/2022\/02\/244505607_401644114707066_8828737277708135921_n.jpg 2016w\" sizes=\"auto, (max-width: 1024px) 100vw, 1024px\" \/><\/a><\/figure>\n\n\n\n<p><a href=\"https:\/\/site.mlfmonde.org\/odette-du-puigaudeau-dakhla\/2022\/02\/01\/une-cour-de-recreation-plus-design-pour-nos-petits\/1457fe27-3e69-445b-ad07-5c47217d99d5\/\"><\/a><\/p>\n","protected":false},"excerpt":{"rendered":"<p>Quoi de mieux que de jouer \u00e0 la marelle pendant les r\u00e9cr\u00e9ations ?<\/p>\n","protected":false},"author":156,"featured_media":0,"parent":0,"menu_order":0,"comment_status":"closed","ping_status":"closed","template":"","meta":{"_exactmetrics_skip_tracking":false,"_exactmetrics_sitenote_active":false,"_exactmetrics_sitenote_note":"","_exactmetrics_sitenote_category":0,"footnotes":""},"class_list":["post-2343","page","type-page","status-publish","czr-hentry"],"_links":{"self":[{"href":"https:\/\/site.mlfmonde.org\/odette-du-puigaudeau-dakhla\/wp-json\/wp\/v2\/pages\/2343","targetHints":{"allow":["GET"]}}],"collection":[{"href":"https:\/\/site.mlfmonde.org\/odette-du-puigaudeau-dakhla\/wp-json\/wp\/v2\/pages"}],"about":[{"href":"https:\/\/site.mlfmonde.org\/odette-du-puigaudeau-dakhla\/wp-json\/wp\/v2\/types\/page"}],"author":[{"embeddable":true,"href":"https:\/\/site.mlfmonde.org\/odette-du-puigaudeau-dakhla\/wp-json\/wp\/v2\/users\/156"}],"replies":[{"embeddable":true,"href":"https:\/\/site.mlfmonde.org\/odette-du-puigaudeau-dakhla\/wp-json\/wp\/v2\/comments?post=2343"}],"version-history":[{"count":1,"href":"https:\/\/site.mlfmonde.org\/odette-du-puigaudeau-dakhla\/wp-json\/wp\/v2\/pages\/2343\/revisions"}],"predecessor-version":[{"id":2344,"href":"https:\/\/site.mlfmonde.org\/odette-du-puigaudeau-dakhla\/wp-json\/wp\/v2\/pages\/2343\/revisions\/2344"}],"wp:attachment":[{"href":"https:\/\/site.mlfmonde.org\/odette-du-puigaudeau-dakhla\/wp-json\/wp\/v2\/media?parent=2343"}],"curies":[{"name":"wp","href":"https:\/\/api.w.org\/{rel}","templated":true}]}}