{"id":2340,"date":"2022-05-30T16:23:15","date_gmt":"2022-05-30T15:23:15","guid":{"rendered":"https:\/\/site.mlfmonde.org\/odette-du-puigaudeau-dakhla\/?page_id=2340"},"modified":"2022-05-30T16:23:17","modified_gmt":"2022-05-30T15:23:17","slug":"mfgnu-modele-francophone-grenoblois-des-nations-unis","status":"publish","type":"page","link":"https:\/\/site.mlfmonde.org\/odette-du-puigaudeau-dakhla\/mfgnu-modele-francophone-grenoblois-des-nations-unis\/","title":{"rendered":"MFGNU (Mod\u00e8le Francophone Grenoblois des Nations Unis)"},"content":{"rendered":"\n<p>Les \u00e9l\u00e8ves de 3\u00e8me et 2nde participent au MFGNU (Mod\u00e8le Francophone Grenoblois des Nations Unis) en distanciel (situation sanitaire oblige). Pour l&rsquo;occasion, ils se sont montr\u00e9s particuli\u00e8rement \u00e9l\u00e9gants ! Le MUN se d\u00e9roule jusqu&rsquo;\u00e0 dimanche midi, un WE studieux s&rsquo;annonce pour eux ! Bon courage \u00e0 nos repr\u00e9sentants et leur enseignant d&rsquo;Histoire G\u00e9ographie, M. Ben Ghaouia !! <img loading=\"lazy\" decoding=\"async\" src=\"https:\/\/www.facebook.com\/images\/emoji.php\/v9\/t7f\/1\/16\/1f60a.png\" alt=\"\ud83d\ude0a\" width=\"16\" height=\"16\"><img loading=\"lazy\" decoding=\"async\" src=\"https:\/\/www.facebook.com\/images\/emoji.php\/v9\/tfe\/1\/16\/1f44f.png\" alt=\"\ud83d\udc4f\" width=\"16\" height=\"16\"><img loading=\"lazy\" decoding=\"async\" src=\"https:\/\/www.facebook.com\/images\/emoji.php\/v9\/tfc\/1\/16\/1f44d.png\" alt=\"\ud83d\udc4d\" width=\"16\" height=\"16\"><\/p>\n\n\n\n<hr class=\"wp-block-separator\" \/>\n\n\n\n<figure class=\"wp-block-image\"><a href=\"https:\/\/site.mlfmonde.org\/odette-du-puigaudeau-dakhla\/2022\/02\/04\/mfgnu-modele-francophone-grenoblois-des-nations-unis\/unnamed-4\/\"><img loading=\"lazy\" decoding=\"async\" width=\"1024\" height=\"768\" src=\"https:\/\/site.mlfmonde.org\/odette-du-puigaudeau-dakhla\/wp-content\/uploads\/sites\/18\/2022\/02\/unnamed-4-1024x768.jpg\" alt=\"\" class=\"wp-image-2004\" srcset=\"https:\/\/site.mlfmonde.org\/odette-du-puigaudeau-dakhla\/wp-content\/uploads\/sites\/18\/2022\/02\/unnamed-4-1024x768.jpg 1024w, https:\/\/site.mlfmonde.org\/odette-du-puigaudeau-dakhla\/wp-content\/uploads\/sites\/18\/2022\/02\/unnamed-4-300x225.jpg 300w, https:\/\/site.mlfmonde.org\/odette-du-puigaudeau-dakhla\/wp-content\/uploads\/sites\/18\/2022\/02\/unnamed-4-768x576.jpg 768w, https:\/\/site.mlfmonde.org\/odette-du-puigaudeau-dakhla\/wp-content\/uploads\/sites\/18\/2022\/02\/unnamed-4-570x428.jpg 570w\" sizes=\"auto, (max-width: 1024px) 100vw, 1024px\" \/><\/a><\/figure>\n\n\n\n<hr class=\"wp-block-separator\" \/>\n\n\n\n<figure class=\"wp-block-image\"><a href=\"https:\/\/site.mlfmonde.org\/odette-du-puigaudeau-dakhla\/2022\/02\/04\/mfgnu-modele-francophone-grenoblois-des-nations-unis\/unnamed-6\/\"><img loading=\"lazy\" decoding=\"async\" width=\"768\" height=\"1024\" src=\"https:\/\/site.mlfmonde.org\/odette-du-puigaudeau-dakhla\/wp-content\/uploads\/sites\/18\/2022\/02\/unnamed-6-768x1024.jpg\" alt=\"\" class=\"wp-image-2002\" srcset=\"https:\/\/site.mlfmonde.org\/odette-du-puigaudeau-dakhla\/wp-content\/uploads\/sites\/18\/2022\/02\/unnamed-6-768x1024.jpg 768w, https:\/\/site.mlfmonde.org\/odette-du-puigaudeau-dakhla\/wp-content\/uploads\/sites\/18\/2022\/02\/unnamed-6-225x300.jpg 225w, https:\/\/site.mlfmonde.org\/odette-du-puigaudeau-dakhla\/wp-content\/uploads\/sites\/18\/2022\/02\/unnamed-6-570x760.jpg 570w\" sizes=\"auto, (max-width: 768px) 100vw, 768px\" \/><\/a><\/figure>\n\n\n\n<hr class=\"wp-block-separator\" \/>\n\n\n\n<div class=\"wp-block-image\"><figure class=\"aligncenter\"><a href=\"https:\/\/site.mlfmonde.org\/odette-du-puigaudeau-dakhla\/2022\/02\/04\/mfgnu-modele-francophone-grenoblois-des-nations-unis\/unnamed-5\/\"><img loading=\"lazy\" decoding=\"async\" width=\"768\" height=\"1024\" src=\"https:\/\/site.mlfmonde.org\/odette-du-puigaudeau-dakhla\/wp-content\/uploads\/sites\/18\/2022\/02\/unnamed-5-768x1024.jpg\" alt=\"\" class=\"wp-image-2003\" srcset=\"https:\/\/site.mlfmonde.org\/odette-du-puigaudeau-dakhla\/wp-content\/uploads\/sites\/18\/2022\/02\/unnamed-5-768x1024.jpg 768w, https:\/\/site.mlfmonde.org\/odette-du-puigaudeau-dakhla\/wp-content\/uploads\/sites\/18\/2022\/02\/unnamed-5-225x300.jpg 225w, https:\/\/site.mlfmonde.org\/odette-du-puigaudeau-dakhla\/wp-content\/uploads\/sites\/18\/2022\/02\/unnamed-5-570x760.jpg 570w\" sizes=\"auto, (max-width: 768px) 100vw, 768px\" \/><\/a><\/figure><\/div>\n","protected":false},"excerpt":{"rendered":"<p>Les \u00e9l\u00e8ves de 3\u00e8me et 2nde participent au MFGNU (Mod\u00e8le Francophone Grenoblois des Nations Unis) en distanciel (situation sanitaire oblige). Pour l&rsquo;occasion, ils se sont montr\u00e9s particuli\u00e8rement \u00e9l\u00e9gants ! Le MUN se d\u00e9roule jusqu&rsquo;\u00e0 dimanche midi, un WE studieux s&rsquo;annonce pour eux ! Bon courage \u00e0 nos repr\u00e9sentants et leur enseignant d&rsquo;Histoire G\u00e9ographie, M. Ben [&hellip;]<\/p>\n","protected":false},"author":156,"featured_media":0,"parent":0,"menu_order":0,"comment_status":"closed","ping_status":"closed","template":"","meta":{"_exactmetrics_skip_tracking":false,"_exactmetrics_sitenote_active":false,"_exactmetrics_sitenote_note":"","_exactmetrics_sitenote_category":0,"footnotes":""},"class_list":["post-2340","page","type-page","status-publish","czr-hentry"],"_links":{"self":[{"href":"https:\/\/site.mlfmonde.org\/odette-du-puigaudeau-dakhla\/wp-json\/wp\/v2\/pages\/2340","targetHints":{"allow":["GET"]}}],"collection":[{"href":"https:\/\/site.mlfmonde.org\/odette-du-puigaudeau-dakhla\/wp-json\/wp\/v2\/pages"}],"about":[{"href":"https:\/\/site.mlfmonde.org\/odette-du-puigaudeau-dakhla\/wp-json\/wp\/v2\/types\/page"}],"author":[{"embeddable":true,"href":"https:\/\/site.mlfmonde.org\/odette-du-puigaudeau-dakhla\/wp-json\/wp\/v2\/users\/156"}],"replies":[{"embeddable":true,"href":"https:\/\/site.mlfmonde.org\/odette-du-puigaudeau-dakhla\/wp-json\/wp\/v2\/comments?post=2340"}],"version-history":[{"count":1,"href":"https:\/\/site.mlfmonde.org\/odette-du-puigaudeau-dakhla\/wp-json\/wp\/v2\/pages\/2340\/revisions"}],"predecessor-version":[{"id":2341,"href":"https:\/\/site.mlfmonde.org\/odette-du-puigaudeau-dakhla\/wp-json\/wp\/v2\/pages\/2340\/revisions\/2341"}],"wp:attachment":[{"href":"https:\/\/site.mlfmonde.org\/odette-du-puigaudeau-dakhla\/wp-json\/wp\/v2\/media?parent=2340"}],"curies":[{"name":"wp","href":"https:\/\/api.w.org\/{rel}","templated":true}]}}