{"id":2331,"date":"2022-05-30T16:15:10","date_gmt":"2022-05-30T15:15:10","guid":{"rendered":"https:\/\/site.mlfmonde.org\/odette-du-puigaudeau-dakhla\/?page_id=2331"},"modified":"2023-10-17T09:23:51","modified_gmt":"2023-10-17T08:23:51","slug":"elections-cvcl","status":"publish","type":"page","link":"https:\/\/site.mlfmonde.org\/odette-du-puigaudeau-dakhla\/elections-cvcl\/","title":{"rendered":"\u00e9lections CVC-CVL 2023\/2024"},"content":{"rendered":"\n<p class=\"has-text-align-center\" style=\"font-size:24px\"><strong>CVC : CONSEIL DE LA VIE COLL\u00c9GIENNE<\/strong><\/p>\n\n\n\n<h2 class=\"has-text-align-center wp-block-heading\"><strong>CVL : CONSEIL DE LA VIE LYCEENNE<\/strong><\/h2>\n\n\n\n<hr class=\"wp-block-separator\" \/>\n\n\n\n<p>Durant la premi\u00e8re semaine d&rsquo;octobre, nous avons organis\u00e9 les \u00e9lections du CVC-CVL (Conseil de la Vie Coll\u00e9gienne et Lyc\u00e9enne).<\/p>\n\n\n\n<p>Nous avons demand\u00e9s aux \u00e9l\u00e8ves de chaque classe du coll\u00e8ge et du lyc\u00e9e de former des listes d&rsquo;\u00e9l\u00e8ves (1 \u00e9l\u00e8ve par niveau minimum). Chaque liste a effectu\u00e9e une campagne sur quelques jours afin de promouvoir leur programme, leur projet, etc.<\/p>\n\n\n\n<p>Le 10 Octobre nous avons proc\u00e9der aux votes.<\/p>\n\n\n\n<p><\/p>\n\n\n\n<figure class=\"wp-block-gallery has-nested-images columns-default is-cropped wp-block-gallery-1 is-layout-flex wp-block-gallery-is-layout-flex\">\n<figure class=\"wp-block-image size-large\"><img loading=\"lazy\" decoding=\"async\" width=\"1024\" height=\"724\" data-id=\"2616\" src=\"https:\/\/site.mlfmonde.org\/odette-du-puigaudeau-dakhla\/wp-content\/uploads\/sites\/18\/2023\/10\/thank-you-1-1-1024x724.jpg\" alt=\"\" class=\"wp-image-2616\" srcset=\"https:\/\/site.mlfmonde.org\/odette-du-puigaudeau-dakhla\/wp-content\/uploads\/sites\/18\/2023\/10\/thank-you-1-1-1024x724.jpg 1024w, https:\/\/site.mlfmonde.org\/odette-du-puigaudeau-dakhla\/wp-content\/uploads\/sites\/18\/2023\/10\/thank-you-1-1-300x212.jpg 300w, https:\/\/site.mlfmonde.org\/odette-du-puigaudeau-dakhla\/wp-content\/uploads\/sites\/18\/2023\/10\/thank-you-1-1-768x543.jpg 768w, https:\/\/site.mlfmonde.org\/odette-du-puigaudeau-dakhla\/wp-content\/uploads\/sites\/18\/2023\/10\/thank-you-1-1-1536x1086.jpg 1536w, https:\/\/site.mlfmonde.org\/odette-du-puigaudeau-dakhla\/wp-content\/uploads\/sites\/18\/2023\/10\/thank-you-1-1-2048x1448.jpg 2048w, https:\/\/site.mlfmonde.org\/odette-du-puigaudeau-dakhla\/wp-content\/uploads\/sites\/18\/2023\/10\/thank-you-1-1-570x403.jpg 570w\" sizes=\"auto, (max-width: 1024px) 100vw, 1024px\" \/><\/figure>\n\n\n\n<figure class=\"wp-block-image size-large\"><img loading=\"lazy\" decoding=\"async\" width=\"1024\" height=\"724\" data-id=\"2615\" src=\"https:\/\/site.mlfmonde.org\/odette-du-puigaudeau-dakhla\/wp-content\/uploads\/sites\/18\/2023\/10\/thank-you-1024x724.jpg\" alt=\"\" class=\"wp-image-2615\" srcset=\"https:\/\/site.mlfmonde.org\/odette-du-puigaudeau-dakhla\/wp-content\/uploads\/sites\/18\/2023\/10\/thank-you-1024x724.jpg 1024w, https:\/\/site.mlfmonde.org\/odette-du-puigaudeau-dakhla\/wp-content\/uploads\/sites\/18\/2023\/10\/thank-you-300x212.jpg 300w, https:\/\/site.mlfmonde.org\/odette-du-puigaudeau-dakhla\/wp-content\/uploads\/sites\/18\/2023\/10\/thank-you-768x543.jpg 768w, https:\/\/site.mlfmonde.org\/odette-du-puigaudeau-dakhla\/wp-content\/uploads\/sites\/18\/2023\/10\/thank-you-1536x1086.jpg 1536w, https:\/\/site.mlfmonde.org\/odette-du-puigaudeau-dakhla\/wp-content\/uploads\/sites\/18\/2023\/10\/thank-you-2048x1448.jpg 2048w, https:\/\/site.mlfmonde.org\/odette-du-puigaudeau-dakhla\/wp-content\/uploads\/sites\/18\/2023\/10\/thank-you-570x403.jpg 570w\" sizes=\"auto, (max-width: 1024px) 100vw, 1024px\" \/><\/figure>\n<\/figure>\n","protected":false},"excerpt":{"rendered":"<p>CVC : CONSEIL DE LA VIE COLL\u00c9GIENNE CVL : CONSEIL DE LA VIE LYCEENNE Durant la premi\u00e8re semaine d&rsquo;octobre, nous avons organis\u00e9 les \u00e9lections du CVC-CVL (Conseil de la Vie Coll\u00e9gienne et Lyc\u00e9enne). Nous avons demand\u00e9s aux \u00e9l\u00e8ves de chaque classe du coll\u00e8ge et du lyc\u00e9e de former des listes d&rsquo;\u00e9l\u00e8ves (1 \u00e9l\u00e8ve par niveau [&hellip;]<\/p>\n","protected":false},"author":156,"featured_media":0,"parent":0,"menu_order":0,"comment_status":"closed","ping_status":"closed","template":"","meta":{"_exactmetrics_skip_tracking":false,"_exactmetrics_sitenote_active":false,"_exactmetrics_sitenote_note":"","_exactmetrics_sitenote_category":0,"footnotes":""},"class_list":["post-2331","page","type-page","status-publish","czr-hentry"],"_links":{"self":[{"href":"https:\/\/site.mlfmonde.org\/odette-du-puigaudeau-dakhla\/wp-json\/wp\/v2\/pages\/2331","targetHints":{"allow":["GET"]}}],"collection":[{"href":"https:\/\/site.mlfmonde.org\/odette-du-puigaudeau-dakhla\/wp-json\/wp\/v2\/pages"}],"about":[{"href":"https:\/\/site.mlfmonde.org\/odette-du-puigaudeau-dakhla\/wp-json\/wp\/v2\/types\/page"}],"author":[{"embeddable":true,"href":"https:\/\/site.mlfmonde.org\/odette-du-puigaudeau-dakhla\/wp-json\/wp\/v2\/users\/156"}],"replies":[{"embeddable":true,"href":"https:\/\/site.mlfmonde.org\/odette-du-puigaudeau-dakhla\/wp-json\/wp\/v2\/comments?post=2331"}],"version-history":[{"count":6,"href":"https:\/\/site.mlfmonde.org\/odette-du-puigaudeau-dakhla\/wp-json\/wp\/v2\/pages\/2331\/revisions"}],"predecessor-version":[{"id":2618,"href":"https:\/\/site.mlfmonde.org\/odette-du-puigaudeau-dakhla\/wp-json\/wp\/v2\/pages\/2331\/revisions\/2618"}],"wp:attachment":[{"href":"https:\/\/site.mlfmonde.org\/odette-du-puigaudeau-dakhla\/wp-json\/wp\/v2\/media?parent=2331"}],"curies":[{"name":"wp","href":"https:\/\/api.w.org\/{rel}","templated":true}]}}