{"id":2288,"date":"2022-05-13T11:50:08","date_gmt":"2022-05-13T10:50:08","guid":{"rendered":"https:\/\/site.mlfmonde.org\/odette-du-puigaudeau-dakhla\/?page_id=2288"},"modified":"2022-05-16T09:48:50","modified_gmt":"2022-05-16T08:48:50","slug":"education-au-developpement-durable","status":"publish","type":"page","link":"https:\/\/site.mlfmonde.org\/odette-du-puigaudeau-dakhla\/education-au-developpement-durable\/","title":{"rendered":"Education au d\u00e9veloppement durable"},"content":{"rendered":"\n<p>L&rsquo;\u00e9ducation au d\u00e9veloppement durable (<strong>EDD<\/strong>) permet d&rsquo;appr\u00e9hender la complexit\u00e9 du monde dans ses dimensions scientifiques, \u00e9thiques et civiques. Transversale, elle figure dans les programmes d&rsquo;enseignement. Enseignants et personnels d&rsquo;encadrement y sont form\u00e9s et l&rsquo;int\u00e8grent dans le fonctionnement des&nbsp;<strong>\u00e9tablissements<\/strong>.<\/p>\n\n\n\n<hr class=\"wp-block-separator\" \/>\n\n\n\n<p>A l&rsquo;\u00e9cole Odette du Puigaudeau, le d\u00e9veloppement durable se d\u00e9cline sous plusieurs formes et fait parti du projet d&rsquo;\u00e9tablissement :<\/p>\n\n\n\n<ul class=\"wp-block-list\"><li><strong>Citoyennet\u00e9<\/strong><\/li><\/ul>\n\n\n\n<p>Au cours de l\u2019ann\u00e9e scolaire, de nombreuses incivilit\u00e9s ont \u00e9t\u00e9 constat\u00e9es. Des conflits r\u00e9guliers ont oppos\u00e9s certains \u00e9l\u00e8ves. De nombreuses insultes (souvent en arabe) de nature parfois tr\u00e8s violente ont \u00e9t\u00e9 utilis\u00e9es. Certaines familles se sont inqui\u00e9t\u00e9es de ces faits.<\/p>\n\n\n\n<p>Une \u00e9tude men\u00e9e dans le cadre des projets \u00ab&nbsp;\u00e9co \u00e9cole&nbsp;\u00bb montre \u00ab&nbsp;qu\u20191 projet sur 2 a permis de r\u00e9duire les tensions et actes d\u2019incivilit\u00e9s entre \u00e9l\u00e8ves&nbsp;\u00bb. C\u2019est une raison qui nous conduit \u00e0 associer la citoyennet\u00e9 et l\u2019environnement qui constitue un enjeu majeur dans le contexte local.<\/p>\n\n\n\n<ul class=\"wp-block-list\"><li><strong>D\u00e9veloppement durable<\/strong><\/li><\/ul>\n\n\n\n<p>Dakhla est un espace naturel exceptionnel malheureusement en voie de d\u00e9gradation par la pollution provoqu\u00e9e par l\u2019homme. Des d\u00e9chets, surtout plastiques, jonchent la ville et ses environs.&nbsp;<\/p>\n\n\n\n<p>Des poubelles fabriqu\u00e9es par les \u00e9l\u00e8ves \u00e0 partir de chutes de bois sont install\u00e9es depuis l\u2019ann\u00e9e derni\u00e8re. Un tri s\u00e9lectif r\u00e9fl\u00e9chi sera mis en place. Une v\u00e9ritable r\u00e9flexion globale autour du probl\u00e8me sera n\u00e9cessaire. Elle rejoint forc\u00e9ment la notion de citoyennet\u00e9.<\/p>\n\n\n\n<p><\/p>\n\n\n\n<figure class=\"wp-block-video\"><video controls src=\"https:\/\/site.mlfmonde.org\/odette-du-puigaudeau-dakhla\/wp-content\/uploads\/sites\/18\/2022\/01\/citoyennete.mp4\"><\/video><\/figure>\n\n\n\n<p>Avec les membres du Conseil de Vie Lyc\u00e9enne et Coll\u00e9gienne (CVCL), nous avons \u00e9lus deux \u00e9co d\u00e9l\u00e9gu\u00e9s pour notre \u00e9cole : Mario en 5\u00e8me et Sara en 4\u00e8me et deux suppl\u00e9ants : Batou en 4\u00e8me et Wassim en 6\u00e8me.<\/p>\n\n\n\n<p><\/p>\n\n\n\n<p><\/p>\n","protected":false},"excerpt":{"rendered":"<p>L&rsquo;\u00e9ducation au d\u00e9veloppement durable (EDD) permet d&rsquo;appr\u00e9hender la complexit\u00e9 du monde dans ses dimensions scientifiques, \u00e9thiques et civiques. Transversale, elle figure dans les programmes d&rsquo;enseignement. Enseignants et personnels d&rsquo;encadrement y sont form\u00e9s et l&rsquo;int\u00e8grent dans le fonctionnement des&nbsp;\u00e9tablissements. A l&rsquo;\u00e9cole Odette du Puigaudeau, le d\u00e9veloppement durable se d\u00e9cline sous plusieurs formes et fait parti du [&hellip;]<\/p>\n","protected":false},"author":156,"featured_media":2295,"parent":0,"menu_order":0,"comment_status":"closed","ping_status":"closed","template":"","meta":{"_exactmetrics_skip_tracking":false,"_exactmetrics_sitenote_active":false,"_exactmetrics_sitenote_note":"","_exactmetrics_sitenote_category":0,"footnotes":""},"class_list":["post-2288","page","type-page","status-publish","has-post-thumbnail","czr-hentry"],"_links":{"self":[{"href":"https:\/\/site.mlfmonde.org\/odette-du-puigaudeau-dakhla\/wp-json\/wp\/v2\/pages\/2288","targetHints":{"allow":["GET"]}}],"collection":[{"href":"https:\/\/site.mlfmonde.org\/odette-du-puigaudeau-dakhla\/wp-json\/wp\/v2\/pages"}],"about":[{"href":"https:\/\/site.mlfmonde.org\/odette-du-puigaudeau-dakhla\/wp-json\/wp\/v2\/types\/page"}],"author":[{"embeddable":true,"href":"https:\/\/site.mlfmonde.org\/odette-du-puigaudeau-dakhla\/wp-json\/wp\/v2\/users\/156"}],"replies":[{"embeddable":true,"href":"https:\/\/site.mlfmonde.org\/odette-du-puigaudeau-dakhla\/wp-json\/wp\/v2\/comments?post=2288"}],"version-history":[{"count":5,"href":"https:\/\/site.mlfmonde.org\/odette-du-puigaudeau-dakhla\/wp-json\/wp\/v2\/pages\/2288\/revisions"}],"predecessor-version":[{"id":2308,"href":"https:\/\/site.mlfmonde.org\/odette-du-puigaudeau-dakhla\/wp-json\/wp\/v2\/pages\/2288\/revisions\/2308"}],"wp:featuredmedia":[{"embeddable":true,"href":"https:\/\/site.mlfmonde.org\/odette-du-puigaudeau-dakhla\/wp-json\/wp\/v2\/media\/2295"}],"wp:attachment":[{"href":"https:\/\/site.mlfmonde.org\/odette-du-puigaudeau-dakhla\/wp-json\/wp\/v2\/media?parent=2288"}],"curies":[{"name":"wp","href":"https:\/\/api.w.org\/{rel}","templated":true}]}}