{"id":1844,"date":"2022-01-31T15:15:11","date_gmt":"2022-01-31T14:15:11","guid":{"rendered":"https:\/\/site.mlfmonde.org\/odette-du-puigaudeau-dakhla\/?page_id=1844"},"modified":"2024-08-29T14:32:09","modified_gmt":"2024-08-29T13:32:09","slug":"recrutement","status":"publish","type":"page","link":"https:\/\/site.mlfmonde.org\/odette-du-puigaudeau-dakhla\/recrutement\/","title":{"rendered":""},"content":{"rendered":"<p style=\"text-align: center\">\u00a0<\/p>\n<p>Le LFI, membre du r\u00e9seau OSUI au Maroc, scolarise 265 \u00e9l\u00e8ves de la PS \u00e0 la Terminale.<\/p>\n<p>Elle applique les programmes de l\u2019\u00e9ducation nationale fran\u00e7aise.<\/p>\n\n\n<p><\/p>\n","protected":false},"excerpt":{"rendered":"<p>\u00a0 Le LFI, membre du r\u00e9seau OSUI au Maroc, scolarise 265 \u00e9l\u00e8ves de la PS \u00e0 la Terminale. Elle applique les programmes de l\u2019\u00e9ducation nationale fran\u00e7aise.<\/p>\n","protected":false},"author":156,"featured_media":1849,"parent":0,"menu_order":0,"comment_status":"closed","ping_status":"closed","template":"","meta":{"_exactmetrics_skip_tracking":false,"_exactmetrics_sitenote_active":false,"_exactmetrics_sitenote_note":"","_exactmetrics_sitenote_category":0,"footnotes":""},"class_list":["post-1844","page","type-page","status-publish","has-post-thumbnail","czr-hentry"],"_links":{"self":[{"href":"https:\/\/site.mlfmonde.org\/odette-du-puigaudeau-dakhla\/wp-json\/wp\/v2\/pages\/1844","targetHints":{"allow":["GET"]}}],"collection":[{"href":"https:\/\/site.mlfmonde.org\/odette-du-puigaudeau-dakhla\/wp-json\/wp\/v2\/pages"}],"about":[{"href":"https:\/\/site.mlfmonde.org\/odette-du-puigaudeau-dakhla\/wp-json\/wp\/v2\/types\/page"}],"author":[{"embeddable":true,"href":"https:\/\/site.mlfmonde.org\/odette-du-puigaudeau-dakhla\/wp-json\/wp\/v2\/users\/156"}],"replies":[{"embeddable":true,"href":"https:\/\/site.mlfmonde.org\/odette-du-puigaudeau-dakhla\/wp-json\/wp\/v2\/comments?post=1844"}],"version-history":[{"count":11,"href":"https:\/\/site.mlfmonde.org\/odette-du-puigaudeau-dakhla\/wp-json\/wp\/v2\/pages\/1844\/revisions"}],"predecessor-version":[{"id":2687,"href":"https:\/\/site.mlfmonde.org\/odette-du-puigaudeau-dakhla\/wp-json\/wp\/v2\/pages\/1844\/revisions\/2687"}],"wp:featuredmedia":[{"embeddable":true,"href":"https:\/\/site.mlfmonde.org\/odette-du-puigaudeau-dakhla\/wp-json\/wp\/v2\/media\/1849"}],"wp:attachment":[{"href":"https:\/\/site.mlfmonde.org\/odette-du-puigaudeau-dakhla\/wp-json\/wp\/v2\/media?parent=1844"}],"curies":[{"name":"wp","href":"https:\/\/api.w.org\/{rel}","templated":true}]}}