{"id":1685,"date":"2022-01-27T09:39:25","date_gmt":"2022-01-27T08:39:25","guid":{"rendered":"https:\/\/site.mlfmonde.org\/odette-du-puigaudeau-dakhla\/?page_id=1685"},"modified":"2025-11-27T16:40:30","modified_gmt":"2025-11-27T15:40:30","slug":"lepersonnel","status":"publish","type":"page","link":"https:\/\/site.mlfmonde.org\/odette-du-puigaudeau-dakhla\/lepersonnel\/","title":{"rendered":"LE PERSONNEL"},"content":{"rendered":"<h1 style=\"text-align: center\"><\/h1>\n<hr \/>\n<p><span style=\"color: #0075a2\"><strong>Administration<\/strong><\/span><\/p>\n<p>Monsieur Christophe OLRY : Chef d&rsquo;\u00e9tablissement<\/p>\n<p>Madame Saloua NAIFI : Secr\u00e9taire \/ Gestionnaire<\/p>\n<p>Madame Marine BERTHON-BOUGHANBOUR : CPE &#8211; Vie Scolaire<\/p>\n<p>Madame Laila YADINE : Assistante d&rsquo;Education -Vie Scolaire<\/p>\n<p>Madame Asma\u00e9 HAMLILI : Assistante d&rsquo;Education -Vie Scolaire<\/p>\n<p><strong><span style=\"color: #0075a2\">Les enseignants<\/span><\/strong><\/p>\n<p>Madame Marion VILAIRE: classe des PS\/MS<\/p>\n<p>Madame Katy AKTUNA : classe des GS<\/p>\n<p>Madame Soizic ALBERT : classe de CP<\/p>\n<p>Madame Kenza AYOUCHE\u00a0 : classe des CE1.<\/p>\n<p>Madame Maha Dina ROZZ : classe des CE2.<\/p>\n<p>Madame Anne-Claire Turion\u00a0 : classe des CM1<\/p>\n<p>Madame\u00a0 Geraldine Roman\u00a0 \u00a0 \u00a0: classe des CM2.<\/p>\n<p>Madame Doroth\u00e9e MANSILLA : Coordinatrice Primaire<\/p>\n<p>Monsieur Abdelhaq ZIAT\u00a0 : enseignant de langue arabe<\/p>\n<p>Monsieur Mohamed ELITROU : enseignant de langue arabe<\/p>\n<p>Monsieur BABANOU Hassan : enseignant de langue arabe<\/p>\n<p>Monsieur RIVES Vincent\u00a0 : enseignante d&rsquo;EPS et Arts<\/p>\n<p>Madame Hortense WABLE : enseignante de SVT<\/p>\n<p>Monsieur Fr\u00e9d\u00e9ric MASSON : enseignant de Fran\u00e7ais<\/p>\n<p>Madame Marie MASSON : enseignante d&rsquo;Histoire g\u00e9ographie<\/p>\n<p>Madame Sophie PELATAN : enseignante d&rsquo;Anglais<\/p>\n<p>Madame Rim HASSAN\u00a0 : enseignante d&rsquo;Anglais<\/p>\n<p>Madame Florence ALLAIN : enseignante d&rsquo;Espagnol<\/p>\n<p>Monsieur Omar ABAAKIL : enseignant de Math\u00e9matiques et Technologie<\/p>\n<p>Madame Rapha\u00eblle GODILLOT : enseignante de Math\u00e9matiques<\/p>\n<p>Madame Sandra LECLERC : enseignante de Fran\u00e7ais et Philosophie<\/p>\n<p>Monsieur Philippe LASSERRE : enseignant de\u00a0 Sciences physiques<\/p>\n<p>Madame Nadia CHERIF RAGUIBI\u00a0 : enseignante de SES<\/p>\n<p>Monsieur Jorge MANSILLA Jorge\u00a0 \u00a0: enseignant d&rsquo;Arts<\/p>\n<p><span style=\"color: #0075a2\"><strong>Les ASEM (Agents Sp\u00e9cialis\u00e9s des Ecoles Maternelles)<\/strong><\/span><\/p>\n<p>Madame Niama EL HADDAT : \u00a0classe des PS\/MS<\/p>\n<p>Madame \u00a0La\u00efla BENSA\u00cfD \u00a0: classe des GS<\/p>\n<p><span style=\"color: #0075a2\"><strong>Les personnels de service<\/strong><\/span><\/p>\n<p>Monsieur Jawad EL BOUAIDI : Coursier<\/p>\n","protected":false},"excerpt":{"rendered":"<p>Administration Monsieur Christophe OLRY : Chef d&rsquo;\u00e9tablissement Madame Saloua NAIFI : Secr\u00e9taire \/ Gestionnaire Madame Marine BERTHON-BOUGHANBOUR : CPE &#8211; Vie Scolaire Madame Laila YADINE : Assistante d&rsquo;Education -Vie Scolaire Madame Asma\u00e9 HAMLILI : Assistante d&rsquo;Education -Vie Scolaire Les enseignants Madame Marion VILAIRE: classe des PS\/MS Madame Katy AKTUNA : classe des GS Madame Soizic [&hellip;]<\/p>\n","protected":false},"author":156,"featured_media":0,"parent":0,"menu_order":0,"comment_status":"closed","ping_status":"closed","template":"","meta":{"_exactmetrics_skip_tracking":false,"_exactmetrics_sitenote_active":false,"_exactmetrics_sitenote_note":"","_exactmetrics_sitenote_category":0,"footnotes":""},"class_list":["post-1685","page","type-page","status-publish","czr-hentry"],"_links":{"self":[{"href":"https:\/\/site.mlfmonde.org\/odette-du-puigaudeau-dakhla\/wp-json\/wp\/v2\/pages\/1685","targetHints":{"allow":["GET"]}}],"collection":[{"href":"https:\/\/site.mlfmonde.org\/odette-du-puigaudeau-dakhla\/wp-json\/wp\/v2\/pages"}],"about":[{"href":"https:\/\/site.mlfmonde.org\/odette-du-puigaudeau-dakhla\/wp-json\/wp\/v2\/types\/page"}],"author":[{"embeddable":true,"href":"https:\/\/site.mlfmonde.org\/odette-du-puigaudeau-dakhla\/wp-json\/wp\/v2\/users\/156"}],"replies":[{"embeddable":true,"href":"https:\/\/site.mlfmonde.org\/odette-du-puigaudeau-dakhla\/wp-json\/wp\/v2\/comments?post=1685"}],"version-history":[{"count":26,"href":"https:\/\/site.mlfmonde.org\/odette-du-puigaudeau-dakhla\/wp-json\/wp\/v2\/pages\/1685\/revisions"}],"predecessor-version":[{"id":2791,"href":"https:\/\/site.mlfmonde.org\/odette-du-puigaudeau-dakhla\/wp-json\/wp\/v2\/pages\/1685\/revisions\/2791"}],"wp:attachment":[{"href":"https:\/\/site.mlfmonde.org\/odette-du-puigaudeau-dakhla\/wp-json\/wp\/v2\/media?parent=1685"}],"curies":[{"name":"wp","href":"https:\/\/api.w.org\/{rel}","templated":true}]}}