{"id":54,"date":"2016-08-02T09:44:46","date_gmt":"2016-08-02T09:44:46","guid":{"rendered":"https:\/\/site.mlfmonde.org\/majorelle\/?page_id=54"},"modified":"2024-11-22T14:48:15","modified_gmt":"2024-11-22T13:48:15","slug":"le-mot-du-chef-detablissement","status":"publish","type":"page","link":"https:\/\/site.mlfmonde.org\/majorelle\/le-mot-du-chef-detablissement\/","title":{"rendered":"Le mot du chef d&rsquo;\u00e9tablissement"},"content":{"rendered":"<p style=\"font-weight: 400\">Bienvenue chers parents, chers \u00e9l\u00e8ves,<\/p>\n<p style=\"font-weight: 400\">Je vous adresse ce mot de bienvenue au nom de toute la communaut\u00e9 \u00e9ducative.&nbsp;En tant que proviseur, c&rsquo;est pour moi un moment privil\u00e9gi\u00e9 de vous accueillir et de partager avec vous notre engagement \u00e9ducatif.<\/p>\n<p style=\"font-weight: 400\">Je suis&nbsp;&nbsp;conscient que chaque parent souhaite offrir \u00e0 son enfant la meilleure \u00e9ducation possible, et c&rsquo;est pourquoi je consid\u00e8re notre partenariat avec vous comme essentiel. Ensemble, nous formons une communaut\u00e9 d\u00e9di\u00e9e \u00e0 la r\u00e9ussite et \u00e0 l&rsquo;\u00e9panouissement de chaque \u00e9l\u00e8ve. Notre \u00e9cole s&rsquo;engage \u00e0 fournir un environnement d&rsquo;apprentissage s\u00fbr, stimulant et inclusif. Nous encourageons la curiosit\u00e9, la cr\u00e9ativit\u00e9 et le d\u00e9veloppement intellectuel de chaque \u00e9l\u00e8ve. Notre \u00e9quipe p\u00e9dagogique est compos\u00e9e de professionnels passionn\u00e9s, d\u00e9vou\u00e9s \u00e0 guider, inspirer et accompagner vos enfants tout au long de leur parcours \u00e9ducatif.<\/p>\n<p style=\"font-weight: 400\">Au cours de l&rsquo;ann\u00e9e \u00e0 venir, nous avons pr\u00e9vu diverses activit\u00e9s, r\u00e9unions et \u00e9v\u00e9nements qui favoriseront le renforcement des liens entre l&rsquo;\u00e9cole, les enseignants, les parents et les \u00e9l\u00e8ves. Nous esp\u00e9rons que vous participerez activement \u00e0 ces moments de partage et d&rsquo;\u00e9change.<\/p>\n<p style=\"font-weight: 400\">Chers \u00e9l\u00e8ves, vous \u00eates ici pour apprendre, grandir, et d\u00e9couvrir vos passions. Notre \u00e9quipe p\u00e9dagogique est pr\u00eate \u00e0 vous accompagner tout au long de ce parcours, \u00e0 vous encourager et \u00e0 vous guider dans votre apprentissage.<\/p>\n<p style=\"font-weight: 400\">En conclusion, je vous souhaite \u00e0 tous une excellente ann\u00e9e scolaire. Puissiez-vous tirer le meilleur parti de chaque exp\u00e9rience, surmonter les d\u00e9fis avec enthousiasme, et construire un avenir qui correspond \u00e0 vos aspirations personnelles.<\/p>\n<p style=\"font-weight: 400\">Le Proviseur<\/p>\n","protected":false},"excerpt":{"rendered":"<p>Bienvenue chers parents, chers \u00e9l\u00e8ves, Je vous adresse ce mot de bienvenue au nom de toute la communaut\u00e9 \u00e9ducative.&nbsp;En tant que proviseur, c&rsquo;est pour moi un moment privil\u00e9gi\u00e9 de vous accueillir et de partager avec vous notre engagement \u00e9ducatif. Je suis&nbsp;&nbsp;conscient que chaque parent souhaite offrir \u00e0 son enfant la meilleure \u00e9ducation possible, et c&rsquo;est [&hellip;]<\/p>\n","protected":false},"author":84,"featured_media":3622,"parent":0,"menu_order":0,"comment_status":"closed","ping_status":"closed","template":"","meta":{"_exactmetrics_skip_tracking":false,"_exactmetrics_sitenote_active":false,"_exactmetrics_sitenote_note":"","_exactmetrics_sitenote_category":0,"footnotes":""},"class_list":["post-54","page","type-page","status-publish","has-post-thumbnail","czr-hentry"],"_links":{"self":[{"href":"https:\/\/site.mlfmonde.org\/majorelle\/wp-json\/wp\/v2\/pages\/54","targetHints":{"allow":["GET"]}}],"collection":[{"href":"https:\/\/site.mlfmonde.org\/majorelle\/wp-json\/wp\/v2\/pages"}],"about":[{"href":"https:\/\/site.mlfmonde.org\/majorelle\/wp-json\/wp\/v2\/types\/page"}],"author":[{"embeddable":true,"href":"https:\/\/site.mlfmonde.org\/majorelle\/wp-json\/wp\/v2\/users\/84"}],"replies":[{"embeddable":true,"href":"https:\/\/site.mlfmonde.org\/majorelle\/wp-json\/wp\/v2\/comments?post=54"}],"version-history":[{"count":6,"href":"https:\/\/site.mlfmonde.org\/majorelle\/wp-json\/wp\/v2\/pages\/54\/revisions"}],"predecessor-version":[{"id":3621,"href":"https:\/\/site.mlfmonde.org\/majorelle\/wp-json\/wp\/v2\/pages\/54\/revisions\/3621"}],"wp:featuredmedia":[{"embeddable":true,"href":"https:\/\/site.mlfmonde.org\/majorelle\/wp-json\/wp\/v2\/media\/3622"}],"wp:attachment":[{"href":"https:\/\/site.mlfmonde.org\/majorelle\/wp-json\/wp\/v2\/media?parent=54"}],"curies":[{"name":"wp","href":"https:\/\/api.w.org\/{rel}","templated":true}]}}