{"id":89,"date":"2019-07-29T12:53:11","date_gmt":"2019-07-29T12:53:11","guid":{"rendered":"https:\/\/site.mlfmonde.org\/essaouira-tabarly\/?page_id=89"},"modified":"2024-01-13T19:24:16","modified_gmt":"2024-01-13T19:24:16","slug":"contacts","status":"publish","type":"page","link":"https:\/\/site.mlfmonde.org\/essaouira-tabarly\/contacts\/","title":{"rendered":"Contacts"},"content":{"rendered":"<h2><strong>Accueil de l\u2019\u00e9tablissement :<\/strong><\/h2>\n<p><strong>Adresse:<\/strong><\/p>\n<p id=\"h.p_ID_38\" class=\"zfr3Q\">25, rue Princesse Lalla Hasna<\/p>\n<p id=\"h.p_ID_40\" class=\"zfr3Q\">44000 Essaouira, MAROC<\/p>\n<p id=\"h.p_ID_46\" class=\"zfr3Q\"><strong>T\u00e9l\u00e9phone:<\/strong>&nbsp;06.61.07.00.43<\/p>\n<p>Chef d&rsquo;\u00e9tablissement&nbsp; <strong><span style=\"color: #3366ff\">Philippe CIROT<\/span><\/strong><\/p>\n<p id=\"h.p_ID_48\" class=\"zfr3Q\"><strong>Courriels<\/strong> : <span style=\"color: #3366ff\"><strong><u>direction.essaouira.tabarly@mlfmonde.org&nbsp;<\/u><\/strong><\/span><\/p>\n<h1>Plan d\u2019acc\u00e8s<\/h1>\n<div class=\"su-gmap su-u-responsive-media-yes\"><iframe loading=\"lazy\" width=\"460\" height=\"380\" src=\"\/\/maps.google.com\/maps?q=G63Q%2BH55%2C%20Essaouira&amp;output=embed\" title=\"\"><\/iframe><\/div>\n","protected":false},"excerpt":{"rendered":"<p>Accueil de l\u2019\u00e9tablissement : Adresse: 25, rue Princesse Lalla Hasna 44000 Essaouira, MAROC T\u00e9l\u00e9phone:&nbsp;06.61.07.00.43 Chef d&rsquo;\u00e9tablissement&nbsp; Philippe CIROT Courriels : direction.essaouira.tabarly@mlfmonde.org&nbsp; Plan d\u2019acc\u00e8s<\/p>\n","protected":false},"author":166,"featured_media":5212,"parent":0,"menu_order":0,"comment_status":"closed","ping_status":"closed","template":"","meta":{"_exactmetrics_skip_tracking":false,"_exactmetrics_sitenote_active":false,"_exactmetrics_sitenote_note":"","_exactmetrics_sitenote_category":0,"footnotes":""},"class_list":["post-89","page","type-page","status-publish","has-post-thumbnail","czr-hentry"],"_links":{"self":[{"href":"https:\/\/site.mlfmonde.org\/essaouira-tabarly\/wp-json\/wp\/v2\/pages\/89","targetHints":{"allow":["GET"]}}],"collection":[{"href":"https:\/\/site.mlfmonde.org\/essaouira-tabarly\/wp-json\/wp\/v2\/pages"}],"about":[{"href":"https:\/\/site.mlfmonde.org\/essaouira-tabarly\/wp-json\/wp\/v2\/types\/page"}],"author":[{"embeddable":true,"href":"https:\/\/site.mlfmonde.org\/essaouira-tabarly\/wp-json\/wp\/v2\/users\/166"}],"replies":[{"embeddable":true,"href":"https:\/\/site.mlfmonde.org\/essaouira-tabarly\/wp-json\/wp\/v2\/comments?post=89"}],"version-history":[{"count":25,"href":"https:\/\/site.mlfmonde.org\/essaouira-tabarly\/wp-json\/wp\/v2\/pages\/89\/revisions"}],"predecessor-version":[{"id":5213,"href":"https:\/\/site.mlfmonde.org\/essaouira-tabarly\/wp-json\/wp\/v2\/pages\/89\/revisions\/5213"}],"wp:featuredmedia":[{"embeddable":true,"href":"https:\/\/site.mlfmonde.org\/essaouira-tabarly\/wp-json\/wp\/v2\/media\/5212"}],"wp:attachment":[{"href":"https:\/\/site.mlfmonde.org\/essaouira-tabarly\/wp-json\/wp\/v2\/media?parent=89"}],"curies":[{"name":"wp","href":"https:\/\/api.w.org\/{rel}","templated":true}]}}