{"id":85,"date":"2019-07-29T12:47:55","date_gmt":"2019-07-29T12:47:55","guid":{"rendered":"https:\/\/site.mlfmonde.org\/essaouira-tabarly\/?page_id=85"},"modified":"2023-08-09T17:58:45","modified_gmt":"2023-08-09T17:58:45","slug":"equipe-pedagogique","status":"publish","type":"page","link":"https:\/\/site.mlfmonde.org\/essaouira-tabarly\/equipe-pedagogique\/","title":{"rendered":"Equipe p\u00e9dagogique"},"content":{"rendered":"<div class=\"oKdM2c\">\n<div id=\"h.p_ID_60\" class=\"hJDwNd-AhqUyc-uQSCkd jXK9ad D2fZ2 GNzUNc\">\n<div class=\"jXK9ad-SmKAyb\">\n<div class=\"tyJCtd mGzaTb baZpAe\">\n<p id=\"h.p_ID_76\" class=\"zfr3Q\"><strong>NOTRE EQUIPE :&nbsp;<\/strong><\/p>\n<\/div>\n<\/div>\n<\/div>\n<\/div>\n<div class=\"oKdM2c\">\n<div id=\"h.p_ID_91\" class=\"hJDwNd-AhqUyc-uQSCkd jXK9ad D2fZ2 wHaque GNzUNc\">\n<div class=\"jXK9ad-SmKAyb\">\n<div class=\"tyJCtd mGzaTb baZpAe\">\n<p id=\"h.p_ID_99\" class=\"zfr3Q YzcKX\"><strong>Chef d&rsquo;\u00e9tablissement : M . Philippe CIROT<\/strong><\/p>\n<p id=\"h.p_ID_103\" class=\"zfr3Q\"><strong>Professeures de langue arabe<\/strong> : Mme Khadija Bikerouane (1er degr\u00e9) , Mme Khadija El Hansar (2\u00e8me degr\u00e9)<\/p>\n<p id=\"h.p_ID_105\" class=\"zfr3Q\"><strong>PS-MS-GS&nbsp;<\/strong>: Mme Adeline Garisson<\/p>\n<p id=\"h.p_ID_107\" class=\"zfr3Q\"><strong>Aide-maternelle <\/strong>: Mme Na\u00efma Amalouz<\/p>\n<p id=\"h.p_ID_109\" class=\"zfr3Q\"><strong>CP-CE1<\/strong> : Mme Sonia Bonneaud<\/p>\n<p id=\"h.p_ID_111\" class=\"zfr3Q\"><strong>CE2 &#8211; CM1 &#8211; CM2 <\/strong>: Mme Erminia Charles-Lafsahi<\/p>\n<p id=\"h.p_ID_113\" class=\"zfr3Q\"><strong>Coll\u00e8ge<\/strong> : Mme Gw\u00e9na\u00eblle Galle, Mme Blandine Gabaut, Mme Alice Guibert-Joundi<\/p>\n<p id=\"h.p_ID_115\" class=\"zfr3Q\"><strong>Coursier et gardien de l&rsquo;\u00e9tablissement :<\/strong> M. Houssine El Khribech<\/p>\n<p id=\"h.p_ID_117\" class=\"zfr3Q\"><strong>Personnel d&rsquo;entretien<\/strong> : Mme Amal Chafik<\/p>\n<p><strong>Drafin<\/strong> : Julien Cailleau ( Agence Bouskoura)<\/p>\n<\/div>\n<\/div>\n<\/div>\n<\/div>\n","protected":false},"excerpt":{"rendered":"<p>NOTRE EQUIPE :&nbsp; Chef d&rsquo;\u00e9tablissement : M . Philippe CIROT Professeures de langue arabe : Mme Khadija Bikerouane (1er degr\u00e9) , Mme Khadija El Hansar (2\u00e8me degr\u00e9) PS-MS-GS&nbsp;: Mme Adeline Garisson Aide-maternelle : Mme Na\u00efma Amalouz CP-CE1 : Mme Sonia Bonneaud CE2 &#8211; CM1 &#8211; CM2 : Mme Erminia Charles-Lafsahi Coll\u00e8ge : Mme Gw\u00e9na\u00eblle Galle, [&hellip;]<\/p>\n","protected":false},"author":166,"featured_media":0,"parent":0,"menu_order":0,"comment_status":"closed","ping_status":"closed","template":"","meta":{"_exactmetrics_skip_tracking":false,"_exactmetrics_sitenote_active":false,"_exactmetrics_sitenote_note":"","_exactmetrics_sitenote_category":0,"footnotes":""},"class_list":["post-85","page","type-page","status-publish","czr-hentry"],"_links":{"self":[{"href":"https:\/\/site.mlfmonde.org\/essaouira-tabarly\/wp-json\/wp\/v2\/pages\/85","targetHints":{"allow":["GET"]}}],"collection":[{"href":"https:\/\/site.mlfmonde.org\/essaouira-tabarly\/wp-json\/wp\/v2\/pages"}],"about":[{"href":"https:\/\/site.mlfmonde.org\/essaouira-tabarly\/wp-json\/wp\/v2\/types\/page"}],"author":[{"embeddable":true,"href":"https:\/\/site.mlfmonde.org\/essaouira-tabarly\/wp-json\/wp\/v2\/users\/166"}],"replies":[{"embeddable":true,"href":"https:\/\/site.mlfmonde.org\/essaouira-tabarly\/wp-json\/wp\/v2\/comments?post=85"}],"version-history":[{"count":12,"href":"https:\/\/site.mlfmonde.org\/essaouira-tabarly\/wp-json\/wp\/v2\/pages\/85\/revisions"}],"predecessor-version":[{"id":4939,"href":"https:\/\/site.mlfmonde.org\/essaouira-tabarly\/wp-json\/wp\/v2\/pages\/85\/revisions\/4939"}],"wp:attachment":[{"href":"https:\/\/site.mlfmonde.org\/essaouira-tabarly\/wp-json\/wp\/v2\/media?parent=85"}],"curies":[{"name":"wp","href":"https:\/\/api.w.org\/{rel}","templated":true}]}}