{"id":83,"date":"2019-07-29T12:45:37","date_gmt":"2019-07-29T12:45:37","guid":{"rendered":"https:\/\/site.mlfmonde.org\/essaouira-tabarly\/?page_id=83"},"modified":"2024-01-09T18:28:11","modified_gmt":"2024-01-09T18:28:11","slug":"localisation-et-implantation","status":"publish","type":"page","link":"https:\/\/site.mlfmonde.org\/essaouira-tabarly\/localisation-et-implantation\/","title":{"rendered":"Localisation et implantation"},"content":{"rendered":"<p>L\u2019\u00e9cole se trouve dans la ville d&rsquo;essaouira,\u00a0une ville portuaire et touristique situ\u00e9e sur la c\u00f4te atlantique du Maroc. En bord de mer, sa m\u00e9dina (vieille ville) est prot\u00e9g\u00e9e par des remparts du XVIIIe\u00a0si\u00e8cle.<\/p>\n<p>Le groupe scolaire Eric Tabarly est un \u00e9tablissement de l&rsquo;Office National et Universitaire International.<br \/>Appel\u00e9e aussi \u00e9cole fran\u00e7aise, elle accueille les\u00a0enfants\u00a0de la petite section de maternelle \u00e0 la derni\u00e8re ann\u00e9e du coll\u00e8ge. Les \u00e9l\u00e8ves du coll\u00e8ge\u00a0 re\u00e7oivent leurs\u00a0cours\u00a0par le CNED.<\/p>\n<p><a href=\"https:\/\/goo.gl\/maps\/Nn979i55HQvNE3Cp9\">Google Maps Esaouira<\/a><\/p>\n\n\n<p><\/p>\n","protected":false},"excerpt":{"rendered":"<p>L\u2019\u00e9cole se trouve dans la ville d&rsquo;essaouira,\u00a0une ville portuaire et touristique situ\u00e9e sur la c\u00f4te atlantique du Maroc. En bord de mer, sa m\u00e9dina (vieille ville) est prot\u00e9g\u00e9e par des remparts du XVIIIe\u00a0si\u00e8cle. Le groupe scolaire Eric Tabarly est un \u00e9tablissement de l&rsquo;Office National et Universitaire International.Appel\u00e9e aussi \u00e9cole fran\u00e7aise, elle accueille les\u00a0enfants\u00a0de la petite [&hellip;]<\/p>\n","protected":false},"author":166,"featured_media":0,"parent":0,"menu_order":0,"comment_status":"closed","ping_status":"closed","template":"","meta":{"_exactmetrics_skip_tracking":false,"_exactmetrics_sitenote_active":false,"_exactmetrics_sitenote_note":"","_exactmetrics_sitenote_category":0,"footnotes":""},"class_list":["post-83","page","type-page","status-publish","czr-hentry"],"_links":{"self":[{"href":"https:\/\/site.mlfmonde.org\/essaouira-tabarly\/wp-json\/wp\/v2\/pages\/83","targetHints":{"allow":["GET"]}}],"collection":[{"href":"https:\/\/site.mlfmonde.org\/essaouira-tabarly\/wp-json\/wp\/v2\/pages"}],"about":[{"href":"https:\/\/site.mlfmonde.org\/essaouira-tabarly\/wp-json\/wp\/v2\/types\/page"}],"author":[{"embeddable":true,"href":"https:\/\/site.mlfmonde.org\/essaouira-tabarly\/wp-json\/wp\/v2\/users\/166"}],"replies":[{"embeddable":true,"href":"https:\/\/site.mlfmonde.org\/essaouira-tabarly\/wp-json\/wp\/v2\/comments?post=83"}],"version-history":[{"count":12,"href":"https:\/\/site.mlfmonde.org\/essaouira-tabarly\/wp-json\/wp\/v2\/pages\/83\/revisions"}],"predecessor-version":[{"id":5116,"href":"https:\/\/site.mlfmonde.org\/essaouira-tabarly\/wp-json\/wp\/v2\/pages\/83\/revisions\/5116"}],"wp:attachment":[{"href":"https:\/\/site.mlfmonde.org\/essaouira-tabarly\/wp-json\/wp\/v2\/media?parent=83"}],"curies":[{"name":"wp","href":"https:\/\/api.w.org\/{rel}","templated":true}]}}