{"id":683,"date":"2019-11-25T14:09:56","date_gmt":"2019-11-25T14:09:56","guid":{"rendered":"https:\/\/site.mlfmonde.org\/essaouira-tabarly\/?page_id=683"},"modified":"2024-01-25T14:58:28","modified_gmt":"2024-01-25T14:58:28","slug":"notre-instagram","status":"publish","type":"page","link":"https:\/\/site.mlfmonde.org\/essaouira-tabarly\/notre-instagram\/","title":{"rendered":"Instagram"},"content":{"rendered":"<p>Suivez \u00e9galement la vie de notre \u00e9cole<strong> sur les r\u00e9seaux sociaux, avec notre Instagram :\u00a0<\/strong><a href=\"https:\/\/www.instagram.com\/ecolefrancaiseessaouira\/\">@ecolefrancaiseessaouira<\/a><\/p>\n<p><img loading=\"lazy\" decoding=\"async\" class=\"alignnone wp-image-919 size-full\" src=\"https:\/\/site.mlfmonde.org\/essaouira-tabarly\/wp-content\/uploads\/sites\/19\/2019\/11\/InstagramEcoleFranaiseEssaouira.jpg\" alt=\"Instagram Ecole Essaouira\" width=\"952\" height=\"646\" srcset=\"https:\/\/site.mlfmonde.org\/essaouira-tabarly\/wp-content\/uploads\/sites\/19\/2019\/11\/InstagramEcoleFranaiseEssaouira.jpg 952w, https:\/\/site.mlfmonde.org\/essaouira-tabarly\/wp-content\/uploads\/sites\/19\/2019\/11\/InstagramEcoleFranaiseEssaouira-300x204.jpg 300w, https:\/\/site.mlfmonde.org\/essaouira-tabarly\/wp-content\/uploads\/sites\/19\/2019\/11\/InstagramEcoleFranaiseEssaouira-768x521.jpg 768w, https:\/\/site.mlfmonde.org\/essaouira-tabarly\/wp-content\/uploads\/sites\/19\/2019\/11\/InstagramEcoleFranaiseEssaouira-570x387.jpg 570w\" sizes=\"auto, (max-width: 952px) 100vw, 952px\" \/><\/p>\n","protected":false},"excerpt":{"rendered":"<p>Suivez \u00e9galement la vie de notre \u00e9cole sur les r\u00e9seaux sociaux, avec notre Instagram :\u00a0@ecolefrancaiseessaouira<\/p>\n","protected":false},"author":171,"featured_media":5215,"parent":0,"menu_order":6,"comment_status":"closed","ping_status":"closed","template":"","meta":{"_exactmetrics_skip_tracking":false,"_exactmetrics_sitenote_active":false,"_exactmetrics_sitenote_note":"","_exactmetrics_sitenote_category":0,"footnotes":""},"class_list":["post-683","page","type-page","status-publish","has-post-thumbnail","czr-hentry"],"_links":{"self":[{"href":"https:\/\/site.mlfmonde.org\/essaouira-tabarly\/wp-json\/wp\/v2\/pages\/683","targetHints":{"allow":["GET"]}}],"collection":[{"href":"https:\/\/site.mlfmonde.org\/essaouira-tabarly\/wp-json\/wp\/v2\/pages"}],"about":[{"href":"https:\/\/site.mlfmonde.org\/essaouira-tabarly\/wp-json\/wp\/v2\/types\/page"}],"author":[{"embeddable":true,"href":"https:\/\/site.mlfmonde.org\/essaouira-tabarly\/wp-json\/wp\/v2\/users\/171"}],"replies":[{"embeddable":true,"href":"https:\/\/site.mlfmonde.org\/essaouira-tabarly\/wp-json\/wp\/v2\/comments?post=683"}],"version-history":[{"count":6,"href":"https:\/\/site.mlfmonde.org\/essaouira-tabarly\/wp-json\/wp\/v2\/pages\/683\/revisions"}],"predecessor-version":[{"id":5415,"href":"https:\/\/site.mlfmonde.org\/essaouira-tabarly\/wp-json\/wp\/v2\/pages\/683\/revisions\/5415"}],"wp:featuredmedia":[{"embeddable":true,"href":"https:\/\/site.mlfmonde.org\/essaouira-tabarly\/wp-json\/wp\/v2\/media\/5215"}],"wp:attachment":[{"href":"https:\/\/site.mlfmonde.org\/essaouira-tabarly\/wp-json\/wp\/v2\/media?parent=683"}],"curies":[{"name":"wp","href":"https:\/\/api.w.org\/{rel}","templated":true}]}}