{"id":5228,"date":"2024-01-13T20:00:32","date_gmt":"2024-01-13T20:00:32","guid":{"rendered":"https:\/\/site.mlfmonde.org\/essaouira-tabarly\/?page_id=5228"},"modified":"2024-02-04T12:21:28","modified_gmt":"2024-02-04T12:21:28","slug":"bourses-scolaires","status":"publish","type":"page","link":"https:\/\/site.mlfmonde.org\/essaouira-tabarly\/bourses-scolaires\/","title":{"rendered":"Bourses scolaires"},"content":{"rendered":"\n<p><\/p>\n\n\n\n<article class=\"wp-block-group alignfull has-black-color has-text-color has-background has-link-color wp-elements-935dcc22a1e12a625dc454ce0ca0ce0c\" style=\"background-color:#c9e6f8\"><div class=\"wp-block-group__inner-container is-layout-flow wp-block-group-is-layout-flow\">\n<p class=\"has-text-align-left\">                                  Bourses scolaires campagne 2024-2025<\/p>\n\n\n\n<p class=\"has-text-align-left has-vivid-red-color has-text-color\"><br>                                                                                <strong>AU plus tard le 16 fevrier 2024<\/strong><\/p>\n\n\n\n<p class=\"has-text-align-left\"><br>   Bonjour,<\/p>\n\n\n\n<p class=\"has-text-align-left\">Pour les familles fran\u00e7aises aux revenus modestes, il est possible de faire une demande d\u2019aide \u00e0 la scolarit\u00e9 pour votre\/vos enfant\/s.<\/p>\n\n\n\n<p class=\"has-text-align-left\">Pour cela, vous devez vous rendre sur le site&nbsp;:<\/p>\n\n\n\n<p class=\"has-text-align-left\"><\/p>\n\n\n\n<p class=\"has-text-align-left\"><a href=\"https:\/\/ma.consulfrance.org\/OUVERTURE-DE-LA-PREMIERE-PHASE-DE-LA-CAMPAGNE-DES-BOURSES-SCOLAIRES-POUR-L-6413\">OUVERTURE DE LA PREMIERE PHASE DE LA CAMPAGNE DES BOURSES SCOLAIRES POUR (\u2026) &#8211; Les Consulats G\u00e9n\u00e9raux de France au Maroc (consulfrance.org)<\/a><\/p>\n\n\n\n<p class=\"has-text-align-left\" style=\"font-size:19px\"><strong><br>Vous trouverez ci-dessous des elements fournis par le consulat pour effectuer la demande&nbsp;:<br>Pi\u00e8ce jointe \u00e0 ce document&nbsp;:<\/strong><\/p>\n\n\n\n<p class=\"has-text-align-left\" style=\"font-size:16px\"><br>Liste des pi\u00e8ces \u00e0 fournir (trois premi\u00e8res pages) et formulaire de demande de bourses scolaires (pages 4 \u00e0 7)<\/p>\n\n\n\n<p class=\"has-text-align-left\"><strong>MINIST\u00c8RE<br>DE L&rsquo;EUROPE<br>ET DES AFFAIRES<br>\u00c9TRANG\u00c8RES<br>Consulat g\u00e9n\u00e9ral de France \u00e0 Marrakech<\/strong><\/p>\n\n\n\n<p class=\"has-text-align-left\"><strong>Bienvenue<\/strong><br>sur le service de prise de rendez-vous aupr\u00e8s des services consulaires fran\u00e7ais.<br>Dans le cadre de l\u2019am\u00e9lioration continue des services propos\u00e9s aux citoyens fran\u00e7ais \u00e0 l\u2019\u00e9tranger, les services suivants sont d\u00e9sormais possibles :<br>Prise de rendez-vous de groupe&nbsp;(Exemple : Prise de rendez-vous en famille, jusqu&rsquo;\u00e0 6 personnes, 1 rendez-vous par personne).<br>Une demande de rendez-vous unique pour deux services diff\u00e9rents&nbsp;(s\u00e9lectionnez sur la liste des services deux services diff\u00e9rents).<br>Affichage des places disponibles en temps r\u00e9el&nbsp;afin de choisir les cr\u00e9neaux les plus appropri\u00e9s pour un rendez-vous Famille.<br>Pour des&nbsp;rendez-vous urgents, privil\u00e9giez des&nbsp;rendez-vous individuels.<br>Si la d\u00e9marche que vous recherchez n\u2019est pas list\u00e9e, merci de&nbsp;contacter le consulat. <\/p>\n\n\n\n<p class=\"has-text-align-left\"><\/p>\n\n\n\n<p class=\"has-text-align-left has-black-color has-text-color\"><a href=\"https:\/\/site.mlfmonde.org\/essaouira-tabarly\/wp-content\/uploads\/sites\/19\/2024\/02\/formulaire_2024-2025-demande-de-bourse-scolaire-2024-2025.pdf\">Formulaire 2024_2025<\/a> <\/p>\n<\/div><\/article>\n","protected":false},"excerpt":{"rendered":"<p>Bourses scolaires campagne 2024-2025 AU plus tard le 16 fevrier 2024 Bonjour, Pour les familles fran\u00e7aises aux revenus modestes, il est possible de faire une demande d\u2019aide \u00e0 la scolarit\u00e9 pour votre\/vos enfant\/s. Pour cela, vous devez vous rendre sur le site&nbsp;: OUVERTURE DE LA PREMIERE PHASE DE LA CAMPAGNE DES BOURSES SCOLAIRES POUR (\u2026) [&hellip;]<\/p>\n","protected":false},"author":166,"featured_media":0,"parent":0,"menu_order":0,"comment_status":"closed","ping_status":"closed","template":"","meta":{"_exactmetrics_skip_tracking":false,"_exactmetrics_sitenote_active":false,"_exactmetrics_sitenote_note":"","_exactmetrics_sitenote_category":0,"footnotes":""},"class_list":["post-5228","page","type-page","status-publish","czr-hentry"],"_links":{"self":[{"href":"https:\/\/site.mlfmonde.org\/essaouira-tabarly\/wp-json\/wp\/v2\/pages\/5228","targetHints":{"allow":["GET"]}}],"collection":[{"href":"https:\/\/site.mlfmonde.org\/essaouira-tabarly\/wp-json\/wp\/v2\/pages"}],"about":[{"href":"https:\/\/site.mlfmonde.org\/essaouira-tabarly\/wp-json\/wp\/v2\/types\/page"}],"author":[{"embeddable":true,"href":"https:\/\/site.mlfmonde.org\/essaouira-tabarly\/wp-json\/wp\/v2\/users\/166"}],"replies":[{"embeddable":true,"href":"https:\/\/site.mlfmonde.org\/essaouira-tabarly\/wp-json\/wp\/v2\/comments?post=5228"}],"version-history":[{"count":14,"href":"https:\/\/site.mlfmonde.org\/essaouira-tabarly\/wp-json\/wp\/v2\/pages\/5228\/revisions"}],"predecessor-version":[{"id":5444,"href":"https:\/\/site.mlfmonde.org\/essaouira-tabarly\/wp-json\/wp\/v2\/pages\/5228\/revisions\/5444"}],"wp:attachment":[{"href":"https:\/\/site.mlfmonde.org\/essaouira-tabarly\/wp-json\/wp\/v2\/media?parent=5228"}],"curies":[{"name":"wp","href":"https:\/\/api.w.org\/{rel}","templated":true}]}}