{"id":5059,"date":"2024-01-08T15:24:49","date_gmt":"2024-01-08T15:24:49","guid":{"rendered":"https:\/\/site.mlfmonde.org\/essaouira-tabarly\/?page_id=5059"},"modified":"2024-01-20T15:19:40","modified_gmt":"2024-01-20T15:19:40","slug":"langues","status":"publish","type":"page","link":"https:\/\/site.mlfmonde.org\/essaouira-tabarly\/langues\/","title":{"rendered":"Langues"},"content":{"rendered":"\n<h1 class=\"wp-block-heading\">Les langues \u00e0 l\u2019\u00e9cole primaire &nbsp;<\/h1>\n\n\n\n<p>Dispositif de classes internationales de la PS \u00e0 la GS :\u00a05 \u00e0 8h par semaine en anglais dispositif EMILE (Enseignement d&rsquo;une Mati\u00e8re int\u00e9gr\u00e9e \u00e0 un Langue Etrang\u00e8re)<\/p>\n\n\n\n<h2 class=\"wp-block-heading\">En anglais (par semaine)<\/h2>\n\n\n\n<ul class=\"wp-block-list\"><li>1.5h\u00a0 du CP au CE2<\/li><li>1h en classe enti\u00e8re et 1h en groupe au CM1 et CM2<\/li><li>1h de Classe Internationale (Enseignement en bin\u00f4me sur projets d\u2019apprentissages communs aux 3 langues )<\/li><\/ul>\n\n\n\n<h2 class=\"wp-block-heading\">En arabe (par semaine), parcours \u00ab&nbsp;arabophone&nbsp;\u00bb<\/h2>\n\n\n\n<ul class=\"wp-block-list\"><li>3h&nbsp; en PS-MS<\/li><li>3h en CP<\/li><li>5h du CE1 au CM2<\/li><\/ul>\n\n\n\n<p><em>A noter : Les&nbsp; \u00e9l\u00e8ves non arabophones sont en groupes d\u00e9di\u00e9s pour un apprentissage diff\u00e9renci\u00e9.<\/em><\/p>\n","protected":false},"excerpt":{"rendered":"<p>Les langues \u00e0 l\u2019\u00e9cole primaire &nbsp; Dispositif de classes internationales de la PS \u00e0 la GS :\u00a05 \u00e0 8h par semaine en anglais dispositif EMILE (Enseignement d&rsquo;une Mati\u00e8re int\u00e9gr\u00e9e \u00e0 un Langue Etrang\u00e8re) En anglais (par semaine) 1.5h\u00a0 du CP au CE2 1h en classe enti\u00e8re et 1h en groupe au CM1 et CM2 1h [&hellip;]<\/p>\n","protected":false},"author":166,"featured_media":0,"parent":0,"menu_order":0,"comment_status":"closed","ping_status":"closed","template":"","meta":{"_exactmetrics_skip_tracking":false,"_exactmetrics_sitenote_active":false,"_exactmetrics_sitenote_note":"","_exactmetrics_sitenote_category":0,"footnotes":""},"class_list":["post-5059","page","type-page","status-publish","czr-hentry"],"_links":{"self":[{"href":"https:\/\/site.mlfmonde.org\/essaouira-tabarly\/wp-json\/wp\/v2\/pages\/5059","targetHints":{"allow":["GET"]}}],"collection":[{"href":"https:\/\/site.mlfmonde.org\/essaouira-tabarly\/wp-json\/wp\/v2\/pages"}],"about":[{"href":"https:\/\/site.mlfmonde.org\/essaouira-tabarly\/wp-json\/wp\/v2\/types\/page"}],"author":[{"embeddable":true,"href":"https:\/\/site.mlfmonde.org\/essaouira-tabarly\/wp-json\/wp\/v2\/users\/166"}],"replies":[{"embeddable":true,"href":"https:\/\/site.mlfmonde.org\/essaouira-tabarly\/wp-json\/wp\/v2\/comments?post=5059"}],"version-history":[{"count":4,"href":"https:\/\/site.mlfmonde.org\/essaouira-tabarly\/wp-json\/wp\/v2\/pages\/5059\/revisions"}],"predecessor-version":[{"id":5388,"href":"https:\/\/site.mlfmonde.org\/essaouira-tabarly\/wp-json\/wp\/v2\/pages\/5059\/revisions\/5388"}],"wp:attachment":[{"href":"https:\/\/site.mlfmonde.org\/essaouira-tabarly\/wp-json\/wp\/v2\/media?parent=5059"}],"curies":[{"name":"wp","href":"https:\/\/api.w.org\/{rel}","templated":true}]}}