{"id":4808,"date":"2023-04-13T23:13:16","date_gmt":"2023-04-13T23:13:16","guid":{"rendered":"https:\/\/site.mlfmonde.org\/essaouira-tabarly\/?page_id=4808"},"modified":"2024-01-09T18:35:38","modified_gmt":"2024-01-09T18:35:38","slug":"le-mot-de-la-directionde-lecole","status":"publish","type":"page","link":"https:\/\/site.mlfmonde.org\/essaouira-tabarly\/le-mot-de-la-directionde-lecole\/","title":{"rendered":"Le mot de la direction de l&rsquo;\u00e9cole"},"content":{"rendered":"\n<p class=\"has-medium-font-size\">Chers-es visiteurs-es<\/p>\n\n\n\n<p class=\"has-medium-font-size\">Chers-es parents d\u2019\u00e9l\u00e8ves, chers \u00e9l\u00e8ves<\/p>\n\n\n\n<p class=\"has-medium-font-size\">Chers-es membres de l\u2019\u00e9quipe \u00e9ducative du Groupe Scolaire TABARLY<\/p>\n\n\n\n<p class=\"has-medium-font-size\">L\u2019\u00e9cole Eric TABARLY a vu le jour en 2006. Elle fait partie du groupe Mission La\u00efque Fran\u00e7aise \u2013 MLF. Une antenne OSUI &#8211; Office Scolaire et Universitaire International a \u00e9t\u00e9 cr\u00e9\u00e9e au Maroc &nbsp;pour r\u00e9pondre \u00e0 une demande croissante des familles marocaines pour un enseignement fran\u00e7ais \u00e0 l\u2019\u00e9tranger.<\/p>\n\n\n\n<p class=\"has-medium-font-size\">Le GS Tabarly est l\u2019UNIQUE \u00e9tablissement fran\u00e7ais d\u2019Essaouira et de toute sa province, labellis\u00e9 et homologu\u00e9 de l\u2019Education Nationale Fran\u00e7aise (classe primaire en cours directs homologu\u00e9s, classes du coll\u00e8ge en cours CNED homologu\u00e9s par une convention permettant l\u2019inscription en classe r\u00e8glement\u00e9e).<\/p>\n\n\n\n<p class=\"has-medium-font-size\">Il scolarise des \u00e9l\u00e8ves de la Petite Section de maternelle \u00e0 la troisi\u00e8me.<\/p>\n\n\n\n<p class=\"has-medium-font-size\">Notre objectif principal est de permettre \u00e0 nos \u00e9l\u00e8ves de s\u2019\u00e9panouir dans un environnement chaleureux, s\u00e9curis\u00e9 et de suivre des enseignements de qualit\u00e9 encadr\u00e9s par des professeurs-es exigeants et bienveillants.<\/p>\n\n\n\n<p class=\"has-medium-font-size\">Tous les enseignants sont dipl\u00f4m\u00e9s et suivent un programme annuel de formation professionnel continue qui permet d\u2019offrir \u00e0 nos \u00e9l\u00e8ves des activit\u00e9s innovantes, des projets p\u00e9dagogiques en lien avec les parcours \u00e9ducatifs (avenir, sant\u00e9 et citoyennet\u00e9, parcours artistiques et culturels).<\/p>\n\n\n\n<p class=\"has-medium-font-size\">Le maillage entre les diff\u00e9rents \u00e9tablissements fran\u00e7ais offre la possibilit\u00e9 de participer \u00e0 de nombreux projets sportifs, culturels et artistiques.<\/p>\n\n\n\n<p class=\"has-medium-font-size\">Un accent particulier est mis sur l\u2019apprentissage des langues. Les horaires d\u2019anglais, langue de communication, sont renforc\u00e9s. L\u2019enseignement de l\u2019arabe se fait \u00e0 tous les niveaux en lien avec l\u2019Education Nationale Marocaine. Tous les \u00e9l\u00e8ves b\u00e9n\u00e9ficient du dispositif.<\/p>\n\n\n\n<p class=\"has-medium-font-size\">Les r\u00e9sultats aux examens du DNB (100% de r\u00e9ussite avec une majorit\u00e9 de mentions) sont l\u2019occasion de valider la qualit\u00e9 de nos enseignements et le niveau scolaire acquis de nos \u00e9l\u00e8ves.<\/p>\n\n\n\n<p class=\"has-medium-font-size\">L\u2019\u00e9cole est ouverte aux familles qui peuvent participer aux diff\u00e9rentes instances de l\u2019\u00e9tablissement et \u00e0 son animation.<\/p>\n\n\n\n<p class=\"has-medium-font-size\">Enfin, l\u2019\u00e9tablissement est \u00e0 vocation inclusive. Des protocoles d\u2019accueils sont mis en place en concertation avec les familles.<\/p>\n\n\n\n<p class=\"has-medium-font-size\">Tous les anciens \u00e9l\u00e8ves TABARLY sont nos ambassadeurs, ils connaissent tous des parcours riches tant professionnellement qu\u2019humainement. Leur accomplissement, leur \u00e9panouissement sont notre plus grande satisfaction.<\/p>\n\n\n\n<p class=\"has-medium-font-size\">Vos enfants sont donc tous les bienvenus pour int\u00e9grer notre \u00e9tablissement&nbsp;et y suivre des enseignements aux programmes fran\u00e7ais!<\/p>\n\n\n\n<p class=\"has-medium-font-size\">Philippe CIROT<\/p>\n\n\n\n<p class=\"has-medium-font-size\">Chef d\u2019\u00e9tablissement<\/p>\n\n\n\n<p class=\"has-medium-font-size\">GS Tabarly<\/p>\n","protected":false},"excerpt":{"rendered":"<p>Chers-es visiteurs-es Chers-es parents d\u2019\u00e9l\u00e8ves, chers \u00e9l\u00e8ves Chers-es membres de l\u2019\u00e9quipe \u00e9ducative du Groupe Scolaire TABARLY L\u2019\u00e9cole Eric TABARLY a vu le jour en 2006. Elle fait partie du groupe Mission La\u00efque Fran\u00e7aise \u2013 MLF. Une antenne OSUI &#8211; Office Scolaire et Universitaire International a \u00e9t\u00e9 cr\u00e9\u00e9e au Maroc &nbsp;pour r\u00e9pondre \u00e0 une demande croissante [&hellip;]<\/p>\n","protected":false},"author":166,"featured_media":0,"parent":0,"menu_order":0,"comment_status":"closed","ping_status":"closed","template":"","meta":{"_exactmetrics_skip_tracking":false,"_exactmetrics_sitenote_active":false,"_exactmetrics_sitenote_note":"","_exactmetrics_sitenote_category":0,"footnotes":""},"class_list":["post-4808","page","type-page","status-publish","czr-hentry"],"_links":{"self":[{"href":"https:\/\/site.mlfmonde.org\/essaouira-tabarly\/wp-json\/wp\/v2\/pages\/4808","targetHints":{"allow":["GET"]}}],"collection":[{"href":"https:\/\/site.mlfmonde.org\/essaouira-tabarly\/wp-json\/wp\/v2\/pages"}],"about":[{"href":"https:\/\/site.mlfmonde.org\/essaouira-tabarly\/wp-json\/wp\/v2\/types\/page"}],"author":[{"embeddable":true,"href":"https:\/\/site.mlfmonde.org\/essaouira-tabarly\/wp-json\/wp\/v2\/users\/166"}],"replies":[{"embeddable":true,"href":"https:\/\/site.mlfmonde.org\/essaouira-tabarly\/wp-json\/wp\/v2\/comments?post=4808"}],"version-history":[{"count":4,"href":"https:\/\/site.mlfmonde.org\/essaouira-tabarly\/wp-json\/wp\/v2\/pages\/4808\/revisions"}],"predecessor-version":[{"id":5117,"href":"https:\/\/site.mlfmonde.org\/essaouira-tabarly\/wp-json\/wp\/v2\/pages\/4808\/revisions\/5117"}],"wp:attachment":[{"href":"https:\/\/site.mlfmonde.org\/essaouira-tabarly\/wp-json\/wp\/v2\/media?parent=4808"}],"curies":[{"name":"wp","href":"https:\/\/api.w.org\/{rel}","templated":true}]}}