{"id":4718,"date":"2023-02-07T10:47:10","date_gmt":"2023-02-07T10:47:10","guid":{"rendered":"https:\/\/site.mlfmonde.org\/essaouira-tabarly\/?page_id=4718"},"modified":"2024-01-22T11:20:48","modified_gmt":"2024-01-22T11:20:48","slug":"inscriptions","status":"publish","type":"page","link":"https:\/\/site.mlfmonde.org\/essaouira-tabarly\/inscriptions\/","title":{"rendered":"Inscriptions"},"content":{"rendered":"\n<div class=\"wp-block-group alignfull has-background\" style=\"background-color:#f5eac1;padding-top:6vw;padding-right:6vw;padding-bottom:6vw;padding-left:6vw\"><div class=\"wp-block-group__inner-container is-layout-flow wp-block-group-is-layout-flow\">\n<div class=\"wp-block-group is-vertical is-nowrap is-layout-flex wp-container-core-group-is-layout-287ef9cb wp-block-group-is-layout-flex\" style=\"padding-right:0;padding-left:0\">\n<div class=\"wp-block-group\"><div class=\"wp-block-group__inner-container is-layout-flow wp-block-group-is-layout-flow\">\n<div class=\"wp-block-columns is-layout-flex wp-container-core-columns-is-layout-9d6595d7 wp-block-columns-is-layout-flex\">\n<div class=\"wp-block-column is-layout-flow wp-block-column-is-layout-flow\">\n<figure class=\"wp-block-video\"><video controls src=\"https:\/\/site.mlfmonde.org\/essaouira-tabarly\/wp-content\/uploads\/sites\/19\/2024\/01\/CAMPAGNE-DADMISSION-RENTREE-2024-2025.mp4\"><\/video><\/figure>\n<\/div>\n\n\n\n<div class=\"wp-block-column is-layout-flow wp-block-column-is-layout-flow\">\n<figure class=\"wp-block-video\"><video controls src=\"https:\/\/site.mlfmonde.org\/essaouira-tabarly\/wp-content\/uploads\/sites\/19\/2024\/01\/\u0628\u0645\u0624\u0633\u0633\u0629-\u062a\u0627\u0628\u0639\u0629-\u0644\u0634\u0628\u0643\u0629-\u0627\u0644\u062a\u0639\u0644\u064a\u0645-\u0627\u0644\u0641\u0631\u0646\u0633\u064a-\u0628\u0627\u0644\u062e\u0627\u0631\u062c.mp4\"><\/video><\/figure>\n<\/div>\n<\/div>\n<\/div><\/div>\n<\/div>\n\n\n\n<div style=\"height:1vw\" aria-hidden=\"true\" class=\"wp-block-spacer\"><\/div>\n<\/div><\/div>\n\n\n\n<h2 class=\"wp-block-heading\"><strong>Inscriptions et admissions<\/strong><\/h2>\n\n\n\n<p><strong><u>Inscriptions<\/u><\/strong><\/p>\n\n\n\n<p>Uniquement en ligne sur le serveur&nbsp;<a href=\"https:\/\/www.efmaroc.org\/fr\/\">https:\/\/www.efmaroc.org\/fr\/<\/a>.<\/p>\n\n\n\n<p><strong>\u2013 De d\u00e9but mars \u00e0 d\u00e9but avril&nbsp;<\/strong>pour les admissions sur parcours scolaire \u00e0 l\u2019\u00e9cole primaire, au coll\u00e8ge et au lyc\u00e9e.<\/p>\n\n\n\n<p>&nbsp;\u2013&nbsp;<strong>De d\u00e9but&nbsp; mars \u00e0 d\u00e9but mai&nbsp;<\/strong>pour les admissions des \u00e9l\u00e8ves prioritaires \u00e0 l\u2019\u00e9cole primaire, au coll\u00e8ge et au lyc\u00e9e.<\/p>\n\n\n\n<p>Rappel les \u00e9l\u00e8ves prioritaires<\/p>\n\n\n\n<p>. Les \u00e9l\u00e8ves de nationalit\u00e9 fran\u00e7aise \u2013 dans la limite des places disponibles<\/p>\n\n\n\n<p>. Les \u00e9l\u00e8ves admis du fait de leur cursus ant\u00e9rieur \u2013 dans la limite des places disponibles<\/p>\n\n\n\n<p>(Scolaris\u00e9s au moins 2 ans en France ou dans un \u00e9tablissement homologu\u00e9).<\/p>\n\n\n\n<p><strong><u>Admissions:<\/u><\/strong><\/p>\n\n\n\n<p><strong>L\u2019inscription ne peut \u00eatre demand\u00e9e que dans la classe d\u2019\u00e2ge. Aucune d\u00e9rogation ne sera accord\u00e9e, hormis les EBEP.<\/strong><\/p>\n\n\n\n<p>\u2013<strong>Admissions de la MS au CP&nbsp;:&nbsp;<\/strong>&nbsp;Les admissions se font sur tests d\u2019entr\u00e9e , mis en place par l\u2019\u00e9quipe enseignante avec un dialogue avec la famille.<\/p>\n\n\n\n<p>\u2013&nbsp;<strong>Admission du CE1 \u00e0 la seconde<\/strong>&nbsp;Les admissions se font sur examen des bulletins scolaires des 2 ann\u00e9es pr\u00e9c\u00e9dentes de l\u2019\u00e9l\u00e8ve .<\/p>\n\n\n\n<ul class=\"wp-block-list\"><li>Les \u00e9l\u00e8ves admis en Petite Section (PS) : quel que soit le type d\u2019admission (\u00e9l\u00e8ves prioritaires et \u00e9l\u00e8ves admis sur examen de leur parcours scolaire). Les familles saisiront obligatoirement leur demande d\u2019admission en ligne sur le site&nbsp;<a href=\"http:\/\/www.efmaroc.org\/\">efmaroc.org<\/a>.<\/li><\/ul>\n\n\n\n<ul class=\"wp-block-list\"><li>Les \u00e9l\u00e8ves \u00e0 besoins \u00e9ducatifs particuliers Les familles doivent imp\u00e9rativement signaler la situation de leur enfant : \u2013 lors de la saisie en ligne de la demande d\u2019admission (case \u00e0 cocher et commentaires). \u2013 aupr\u00e8s du bureau de l\u2019IEN (Inspection de l\u2019Education nationale) \u00e0 l\u2019adresse&nbsp;<a href=\"mailto:inspection@ienmaroc.org\">inspection@ienmaroc.org<\/a>.<\/li><\/ul>\n\n\n\n<ul class=\"wp-block-list\"><li><strong><u>Visite de l\u2019\u00e9tablissement&nbsp;<\/u>: Sur demande apr\u00e8s contact t\u00e9l\u00e9phonique<\/strong><\/li><\/ul>\n\n\n\n<div class=\"wp-block-columns is-layout-flex wp-container-core-columns-is-layout-9d6595d7 wp-block-columns-is-layout-flex\"><\/div>\n","protected":false},"excerpt":{"rendered":"<p>Inscriptions et admissions Inscriptions Uniquement en ligne sur le serveur&nbsp;https:\/\/www.efmaroc.org\/fr\/. \u2013 De d\u00e9but mars \u00e0 d\u00e9but avril&nbsp;pour les admissions sur parcours scolaire \u00e0 l\u2019\u00e9cole primaire, au coll\u00e8ge et au lyc\u00e9e. &nbsp;\u2013&nbsp;De d\u00e9but&nbsp; mars \u00e0 d\u00e9but mai&nbsp;pour les admissions des \u00e9l\u00e8ves prioritaires \u00e0 l\u2019\u00e9cole primaire, au coll\u00e8ge et au lyc\u00e9e. Rappel les \u00e9l\u00e8ves prioritaires . Les [&hellip;]<\/p>\n","protected":false},"author":166,"featured_media":5221,"parent":0,"menu_order":1,"comment_status":"closed","ping_status":"closed","template":"","meta":{"_exactmetrics_skip_tracking":false,"_exactmetrics_sitenote_active":false,"_exactmetrics_sitenote_note":"","_exactmetrics_sitenote_category":0,"footnotes":""},"class_list":["post-4718","page","type-page","status-publish","has-post-thumbnail","czr-hentry"],"_links":{"self":[{"href":"https:\/\/site.mlfmonde.org\/essaouira-tabarly\/wp-json\/wp\/v2\/pages\/4718","targetHints":{"allow":["GET"]}}],"collection":[{"href":"https:\/\/site.mlfmonde.org\/essaouira-tabarly\/wp-json\/wp\/v2\/pages"}],"about":[{"href":"https:\/\/site.mlfmonde.org\/essaouira-tabarly\/wp-json\/wp\/v2\/types\/page"}],"author":[{"embeddable":true,"href":"https:\/\/site.mlfmonde.org\/essaouira-tabarly\/wp-json\/wp\/v2\/users\/166"}],"replies":[{"embeddable":true,"href":"https:\/\/site.mlfmonde.org\/essaouira-tabarly\/wp-json\/wp\/v2\/comments?post=4718"}],"version-history":[{"count":15,"href":"https:\/\/site.mlfmonde.org\/essaouira-tabarly\/wp-json\/wp\/v2\/pages\/4718\/revisions"}],"predecessor-version":[{"id":5406,"href":"https:\/\/site.mlfmonde.org\/essaouira-tabarly\/wp-json\/wp\/v2\/pages\/4718\/revisions\/5406"}],"wp:featuredmedia":[{"embeddable":true,"href":"https:\/\/site.mlfmonde.org\/essaouira-tabarly\/wp-json\/wp\/v2\/media\/5221"}],"wp:attachment":[{"href":"https:\/\/site.mlfmonde.org\/essaouira-tabarly\/wp-json\/wp\/v2\/media?parent=4718"}],"curies":[{"name":"wp","href":"https:\/\/api.w.org\/{rel}","templated":true}]}}