{"id":296,"date":"2019-08-31T11:57:12","date_gmt":"2019-08-31T11:57:12","guid":{"rendered":"https:\/\/site.mlfmonde.org\/essaouira-tabarly\/?page_id=296"},"modified":"2024-01-08T14:36:40","modified_gmt":"2024-01-08T14:36:40","slug":"notre-projet-detablissement","status":"publish","type":"page","link":"https:\/\/site.mlfmonde.org\/essaouira-tabarly\/notre-projet-detablissement\/","title":{"rendered":"Projet d&rsquo;\u00e9tablissement"},"content":{"rendered":"<p>Le projet d\u2019\u00e9tablissement&nbsp; d\u00e9finit les conditions dans lesquelles les programmes \u00e9ducatifs nationaux sont mis en \u0153uvre dans l&rsquo;\u00e9tablissement.<\/p>\n<p><a href=\"https:\/\/site.mlfmonde.org\/essaouira-tabarly\/wp-content\/uploads\/sites\/19\/2020\/10\/Projet-d\u00e9tablissement-2019-2022.pdf\">Projet d&rsquo;\u00e9tablissement 2019-2022<\/a><\/p>\n<p><a href=\"https:\/\/site.mlfmonde.org\/essaouira-tabarly\/wp-content\/uploads\/sites\/19\/2022\/04\/Charte-OSUI-Essaouira.pdf\">Charte OSUI Essaouira<\/a><\/p>\n<p><a href=\"https:\/\/site.mlfmonde.org\/essaouira-tabarly\/wp-content\/uploads\/sites\/19\/2022\/05\/Poster-ECOLE-ESSAOUIRA.pdf\">Poster ECOLE ESSAOUIRA<\/a><\/p>\n","protected":false},"excerpt":{"rendered":"<p>Le projet d\u2019\u00e9tablissement&nbsp; d\u00e9finit les conditions dans lesquelles les programmes \u00e9ducatifs nationaux sont mis en \u0153uvre dans l&rsquo;\u00e9tablissement. Projet d&rsquo;\u00e9tablissement 2019-2022 Charte OSUI Essaouira Poster ECOLE ESSAOUIRA<\/p>\n","protected":false},"author":166,"featured_media":0,"parent":0,"menu_order":0,"comment_status":"closed","ping_status":"closed","template":"","meta":{"_exactmetrics_skip_tracking":false,"_exactmetrics_sitenote_active":false,"_exactmetrics_sitenote_note":"","_exactmetrics_sitenote_category":0,"footnotes":""},"class_list":["post-296","page","type-page","status-publish","czr-hentry"],"_links":{"self":[{"href":"https:\/\/site.mlfmonde.org\/essaouira-tabarly\/wp-json\/wp\/v2\/pages\/296","targetHints":{"allow":["GET"]}}],"collection":[{"href":"https:\/\/site.mlfmonde.org\/essaouira-tabarly\/wp-json\/wp\/v2\/pages"}],"about":[{"href":"https:\/\/site.mlfmonde.org\/essaouira-tabarly\/wp-json\/wp\/v2\/types\/page"}],"author":[{"embeddable":true,"href":"https:\/\/site.mlfmonde.org\/essaouira-tabarly\/wp-json\/wp\/v2\/users\/166"}],"replies":[{"embeddable":true,"href":"https:\/\/site.mlfmonde.org\/essaouira-tabarly\/wp-json\/wp\/v2\/comments?post=296"}],"version-history":[{"count":9,"href":"https:\/\/site.mlfmonde.org\/essaouira-tabarly\/wp-json\/wp\/v2\/pages\/296\/revisions"}],"predecessor-version":[{"id":5020,"href":"https:\/\/site.mlfmonde.org\/essaouira-tabarly\/wp-json\/wp\/v2\/pages\/296\/revisions\/5020"}],"wp:attachment":[{"href":"https:\/\/site.mlfmonde.org\/essaouira-tabarly\/wp-json\/wp\/v2\/media?parent=296"}],"curies":[{"name":"wp","href":"https:\/\/api.w.org\/{rel}","templated":true}]}}