{"id":294,"date":"2019-08-31T11:57:09","date_gmt":"2019-08-31T11:57:09","guid":{"rendered":"https:\/\/site.mlfmonde.org\/essaouira-tabarly\/?page_id=294"},"modified":"2024-01-09T10:25:34","modified_gmt":"2024-01-09T10:25:34","slug":"les-conseils-detablissement","status":"publish","type":"page","link":"https:\/\/site.mlfmonde.org\/essaouira-tabarly\/les-conseils-detablissement\/","title":{"rendered":"Le conseil d&rsquo;\u00e9tablissement"},"content":{"rendered":"\n<p><\/p>\n\n\n\n<h2 class=\"has-medium-font-size wp-block-heading\"><a href=\"https:\/\/site.mlfmonde.org\/essaouira-tabarly\/wp-content\/uploads\/sites\/19\/2024\/01\/Conseil-etablissement-16nov23-CR-nov23.pdf\" data-type=\"URL\" data-id=\"https:\/\/site.mlfmonde.org\/essaouira-tabarly\/wp-content\/uploads\/sites\/19\/2024\/01\/Conseil-etablissement-16nov23-CR-nov23.pdf\" target=\"_blank\" rel=\"noreferrer noopener\">Conseil-etablissement-16nov23-CR-nov2023<\/a><\/h2>\n\n\n<p><a href=\"https:\/\/site.mlfmonde.org\/essaouira-tabarly\/archive\/\"><span style=\"color: #ff0000\">Archives<\/span><\/a><\/p>\n<div class=\"wp-block-file\">&nbsp;<\/div>\n<p><!-- \/wp:post-content --><\/p>\n<p><!-- wp:file {\"id\":4604,\"href\":\"https:\/\/site.mlfmonde.org\/essaouira-tabarly\/wp-content\/uploads\/sites\/19\/2022\/11\/COMPTE-RENDU-Non-approuve-1er-Conseil-Etablissement-2022-2023.pdf\",\"displayPreview\":false} --><\/p>\n<div class=\"wp-block-file\">&nbsp;<\/div>\n<p><!-- \/wp:file --><\/p>\n<p><!-- wp:file {\"id\":4924,\"href\":\"https:\/\/site.mlfmonde.org\/essaouira-tabarly\/wp-content\/uploads\/sites\/19\/2023\/06\/Compte-rendu-APPROUVE-du-3eme-Conseil-Etablissement-5juillet2022.pdf\",\"displayPreview\":false} --><\/p>\n<div class=\"wp-block-file\"><a id=\"wp-block-file--media-f11b4640-cf01-442a-9010-50f76023803e\" href=\"https:\/\/site.mlfmonde.org\/essaouira-tabarly\/wp-content\/uploads\/sites\/19\/2023\/06\/Compte-rendu-APPROUVE-du-3eme-Conseil-Etablissement-5juillet2022.pdf\">Compte-rendu APPROUVE du 3\u00e8me Conseil Etablissement du 5juillet2022<\/a><a class=\"wp-block-file__button\" href=\"https:\/\/site.mlfmonde.org\/essaouira-tabarly\/wp-content\/uploads\/sites\/19\/2023\/06\/Compte-rendu-APPROUVE-du-3eme-Conseil-Etablissement-5juillet2022.pdf\" aria-describedby=\"wp-block-file--media-f11b4640-cf01-442a-9010-50f76023803e\">T\u00e9l\u00e9charger<\/a><\/div>\n<p><!-- \/wp:file --><\/p>\n<p><!-- wp:file {\"id\":4925,\"href\":\"https:\/\/site.mlfmonde.org\/essaouira-tabarly\/wp-content\/uploads\/sites\/19\/2023\/06\/Compte-rendu-APPROUVE-du-1er-conseil-detablissement-21nov22.pdf\",\"displayPreview\":false} --><\/p>\n<div class=\"wp-block-file\"><a id=\"wp-block-file--media-f8fd2cf8-9c07-4f13-acfa-68a5e45716d5\" href=\"https:\/\/site.mlfmonde.org\/essaouira-tabarly\/wp-content\/uploads\/sites\/19\/2023\/06\/Compte-rendu-APPROUVE-du-1er-conseil-detablissement-21nov22.pdf\">Compte-rendu APPROUVE du 1er Conseil Etablissement du 21novembre2022<\/a><a class=\"wp-block-file__button\" href=\"https:\/\/site.mlfmonde.org\/essaouira-tabarly\/wp-content\/uploads\/sites\/19\/2023\/06\/Compte-rendu-APPROUVE-du-1er-conseil-detablissement-21nov22.pdf\" aria-describedby=\"wp-block-file--media-f8fd2cf8-9c07-4f13-acfa-68a5e45716d5\">T\u00e9l\u00e9charger<\/a><\/div>\n<p><!-- \/wp:file --><\/p>\n<p><!-- wp:file {\"id\":4926,\"href\":\"https:\/\/site.mlfmonde.org\/essaouira-tabarly\/wp-content\/uploads\/sites\/19\/2023\/06\/Compte-rendu-APPROUVE-2eme-conseil-detablissement-5avril23.pdf\",\"displayPreview\":false} --><\/p>\n<div class=\"wp-block-file\"><a id=\"wp-block-file--media-e1514293-ef3f-48a9-8479-34579ce51830\" href=\"https:\/\/site.mlfmonde.org\/essaouira-tabarly\/wp-content\/uploads\/sites\/19\/2023\/06\/Compte-rendu-APPROUVE-2eme-conseil-detablissement-5avril23.pdf\">Compte-rendu APPROUVE du 2\u00e8me conseil Etablissement du 5avril2023<\/a><a class=\"wp-block-file__button\" href=\"https:\/\/site.mlfmonde.org\/essaouira-tabarly\/wp-content\/uploads\/sites\/19\/2023\/06\/Compte-rendu-APPROUVE-2eme-conseil-detablissement-5avril23.pdf\" aria-describedby=\"wp-block-file--media-e1514293-ef3f-48a9-8479-34579ce51830\">T\u00e9l\u00e9charger<\/a><\/div>\n<p><!-- \/wp:file --><\/p>\n<p><!-- wp:file {\"id\":4927,\"href\":\"https:\/\/site.mlfmonde.org\/essaouira-tabarly\/wp-content\/uploads\/sites\/19\/2023\/06\/Compte-rendu-NON-APPROUVE-3eme-Conseil-etablissement-26juin2023.pdf\",\"displayPreview\":false} --><\/p>\n<div class=\"wp-block-file\"><a id=\"wp-block-file--media-a102b789-b4fc-4a12-aca8-ee9b082b0108\" href=\"https:\/\/site.mlfmonde.org\/essaouira-tabarly\/wp-content\/uploads\/sites\/19\/2023\/06\/Compte-rendu-NON-APPROUVE-3eme-Conseil-etablissement-26juin2023.pdf\">Compte-rendu NON APPROUVE du 3\u00e8me Conseil Etablissement du 26juin2023<\/a><a class=\"wp-block-file__button\" href=\"https:\/\/site.mlfmonde.org\/essaouira-tabarly\/wp-content\/uploads\/sites\/19\/2023\/06\/Compte-rendu-NON-APPROUVE-3eme-Conseil-etablissement-26juin2023.pdf\" aria-describedby=\"wp-block-file--media-a102b789-b4fc-4a12-aca8-ee9b082b0108\">T\u00e9l\u00e9charger<\/a><\/div>\n<p><!-- \/wp:file --><\/p>","protected":false},"excerpt":{"rendered":"<p>Conseil-etablissement-16nov23-CR-nov2023 Archives &nbsp; &nbsp; Compte-rendu APPROUVE du 3\u00e8me Conseil Etablissement du 5juillet2022T\u00e9l\u00e9charger Compte-rendu APPROUVE du 1er Conseil Etablissement du 21novembre2022T\u00e9l\u00e9charger Compte-rendu APPROUVE du 2\u00e8me conseil Etablissement du 5avril2023T\u00e9l\u00e9charger Compte-rendu NON APPROUVE du 3\u00e8me Conseil Etablissement du 26juin2023T\u00e9l\u00e9charger<\/p>\n","protected":false},"author":166,"featured_media":0,"parent":0,"menu_order":0,"comment_status":"closed","ping_status":"closed","template":"","meta":{"_exactmetrics_skip_tracking":false,"_exactmetrics_sitenote_active":false,"_exactmetrics_sitenote_note":"","_exactmetrics_sitenote_category":0,"footnotes":""},"class_list":["post-294","page","type-page","status-publish","czr-hentry"],"_links":{"self":[{"href":"https:\/\/site.mlfmonde.org\/essaouira-tabarly\/wp-json\/wp\/v2\/pages\/294","targetHints":{"allow":["GET"]}}],"collection":[{"href":"https:\/\/site.mlfmonde.org\/essaouira-tabarly\/wp-json\/wp\/v2\/pages"}],"about":[{"href":"https:\/\/site.mlfmonde.org\/essaouira-tabarly\/wp-json\/wp\/v2\/types\/page"}],"author":[{"embeddable":true,"href":"https:\/\/site.mlfmonde.org\/essaouira-tabarly\/wp-json\/wp\/v2\/users\/166"}],"replies":[{"embeddable":true,"href":"https:\/\/site.mlfmonde.org\/essaouira-tabarly\/wp-json\/wp\/v2\/comments?post=294"}],"version-history":[{"count":57,"href":"https:\/\/site.mlfmonde.org\/essaouira-tabarly\/wp-json\/wp\/v2\/pages\/294\/revisions"}],"predecessor-version":[{"id":5102,"href":"https:\/\/site.mlfmonde.org\/essaouira-tabarly\/wp-json\/wp\/v2\/pages\/294\/revisions\/5102"}],"wp:attachment":[{"href":"https:\/\/site.mlfmonde.org\/essaouira-tabarly\/wp-json\/wp\/v2\/media?parent=294"}],"curies":[{"name":"wp","href":"https:\/\/api.w.org\/{rel}","templated":true}]}}