{"id":2860,"date":"2020-09-28T15:33:25","date_gmt":"2020-09-28T15:33:25","guid":{"rendered":"https:\/\/site.mlfmonde.org\/essaouira-tabarly\/?page_id=2860"},"modified":"2022-08-31T03:12:41","modified_gmt":"2022-08-31T03:12:41","slug":"cp-ce1","status":"publish","type":"page","link":"https:\/\/site.mlfmonde.org\/essaouira-tabarly\/cp-ce1\/","title":{"rendered":"CP-CE1"},"content":{"rendered":"<p>Cette ann\u00e9e 2022-2023, 23 \u00e9l\u00e8ves sont inscrits dans la classe de CP-CE1, 11 \u00e9l\u00e8ves en CP et 12 \u00e9l\u00e8ves en CE1.<\/p>\n<p>Les \u00e9l\u00e8ves b\u00e9n\u00e9ficient d\u2019un enseignement plurilingue en fran\u00e7ais, arabe et anglais. Ils sont accompagn\u00e9s par Mme Sonia Bonneaud, professeur des \u00e9coles et par Mme Khadija Bikerouane, enseignante d&rsquo;arabe.<\/p>\n<h4><\/h4>\n<h4><\/h4>\n<h4><\/h4>\n<h4><\/h4>\n<h4><\/h4>\n<h4><\/h4>\n","protected":false},"excerpt":{"rendered":"<p>Cette ann\u00e9e 2022-2023, 23 \u00e9l\u00e8ves sont inscrits dans la classe de CP-CE1, 11 \u00e9l\u00e8ves en CP et 12 \u00e9l\u00e8ves en CE1. Les \u00e9l\u00e8ves b\u00e9n\u00e9ficient d\u2019un enseignement plurilingue en fran\u00e7ais, arabe et anglais. Ils sont accompagn\u00e9s par Mme Sonia Bonneaud, professeur des \u00e9coles et par Mme Khadija Bikerouane, enseignante d&rsquo;arabe.<\/p>\n","protected":false},"author":166,"featured_media":0,"parent":0,"menu_order":0,"comment_status":"closed","ping_status":"closed","template":"","meta":{"_exactmetrics_skip_tracking":false,"_exactmetrics_sitenote_active":false,"_exactmetrics_sitenote_note":"","_exactmetrics_sitenote_category":0,"footnotes":""},"class_list":["post-2860","page","type-page","status-publish","czr-hentry"],"_links":{"self":[{"href":"https:\/\/site.mlfmonde.org\/essaouira-tabarly\/wp-json\/wp\/v2\/pages\/2860","targetHints":{"allow":["GET"]}}],"collection":[{"href":"https:\/\/site.mlfmonde.org\/essaouira-tabarly\/wp-json\/wp\/v2\/pages"}],"about":[{"href":"https:\/\/site.mlfmonde.org\/essaouira-tabarly\/wp-json\/wp\/v2\/types\/page"}],"author":[{"embeddable":true,"href":"https:\/\/site.mlfmonde.org\/essaouira-tabarly\/wp-json\/wp\/v2\/users\/166"}],"replies":[{"embeddable":true,"href":"https:\/\/site.mlfmonde.org\/essaouira-tabarly\/wp-json\/wp\/v2\/comments?post=2860"}],"version-history":[{"count":15,"href":"https:\/\/site.mlfmonde.org\/essaouira-tabarly\/wp-json\/wp\/v2\/pages\/2860\/revisions"}],"predecessor-version":[{"id":4321,"href":"https:\/\/site.mlfmonde.org\/essaouira-tabarly\/wp-json\/wp\/v2\/pages\/2860\/revisions\/4321"}],"wp:attachment":[{"href":"https:\/\/site.mlfmonde.org\/essaouira-tabarly\/wp-json\/wp\/v2\/media?parent=2860"}],"curies":[{"name":"wp","href":"https:\/\/api.w.org\/{rel}","templated":true}]}}