{"id":2855,"date":"2020-09-28T15:33:01","date_gmt":"2020-09-28T15:33:01","guid":{"rendered":"https:\/\/site.mlfmonde.org\/essaouira-tabarly\/?page_id=2855"},"modified":"2022-08-31T02:37:32","modified_gmt":"2022-08-31T02:37:32","slug":"maternelle-de-la-petite-section-a-la-grande-section","status":"publish","type":"page","link":"https:\/\/site.mlfmonde.org\/essaouira-tabarly\/maternelle-de-la-petite-section-a-la-grande-section\/","title":{"rendered":"Maternelle : de la petite section \u00e0 la grande section"},"content":{"rendered":"\n<p>Cette ann\u00e9e 2022-2023, 21 \u00e9l\u00e8ves sont inscrits \u00e0 l&rsquo;\u00e9cole maternelle dans la classe de PS-MS-GS, 4 \u00e9l\u00e8ves de PS, 6 \u00e9l\u00e8ves de MS et 11 \u00e9l\u00e8ves de GS. <\/p>\n\n\n\n<p>Les \u00e9l\u00e8ves b\u00e9n\u00e9ficient d\u2019un enseignement plurilingue en fran\u00e7ais, arabe et anglais.\u00a0Ils sont accompagn\u00e9s par Mme Adeline Garisson, professeur des \u00e9coles, Mme Naima Amalouz, assistante maternelle et par Mme Khadija Bikerouane, enseignante d\u2019arabe.<\/p>\n","protected":false},"excerpt":{"rendered":"<p>Cette ann\u00e9e 2022-2023, 21 \u00e9l\u00e8ves sont inscrits \u00e0 l&rsquo;\u00e9cole maternelle dans la classe de PS-MS-GS, 4 \u00e9l\u00e8ves de PS, 6 \u00e9l\u00e8ves de MS et 11 \u00e9l\u00e8ves de GS. Les \u00e9l\u00e8ves b\u00e9n\u00e9ficient d\u2019un enseignement plurilingue en fran\u00e7ais, arabe et anglais.\u00a0Ils sont accompagn\u00e9s par Mme Adeline Garisson, professeur des \u00e9coles, Mme Naima Amalouz, assistante maternelle et par [&hellip;]<\/p>\n","protected":false},"author":166,"featured_media":0,"parent":0,"menu_order":0,"comment_status":"closed","ping_status":"closed","template":"","meta":{"_exactmetrics_skip_tracking":false,"_exactmetrics_sitenote_active":false,"_exactmetrics_sitenote_note":"","_exactmetrics_sitenote_category":0,"footnotes":""},"class_list":["post-2855","page","type-page","status-publish","czr-hentry"],"_links":{"self":[{"href":"https:\/\/site.mlfmonde.org\/essaouira-tabarly\/wp-json\/wp\/v2\/pages\/2855","targetHints":{"allow":["GET"]}}],"collection":[{"href":"https:\/\/site.mlfmonde.org\/essaouira-tabarly\/wp-json\/wp\/v2\/pages"}],"about":[{"href":"https:\/\/site.mlfmonde.org\/essaouira-tabarly\/wp-json\/wp\/v2\/types\/page"}],"author":[{"embeddable":true,"href":"https:\/\/site.mlfmonde.org\/essaouira-tabarly\/wp-json\/wp\/v2\/users\/166"}],"replies":[{"embeddable":true,"href":"https:\/\/site.mlfmonde.org\/essaouira-tabarly\/wp-json\/wp\/v2\/comments?post=2855"}],"version-history":[{"count":3,"href":"https:\/\/site.mlfmonde.org\/essaouira-tabarly\/wp-json\/wp\/v2\/pages\/2855\/revisions"}],"predecessor-version":[{"id":4305,"href":"https:\/\/site.mlfmonde.org\/essaouira-tabarly\/wp-json\/wp\/v2\/pages\/2855\/revisions\/4305"}],"wp:attachment":[{"href":"https:\/\/site.mlfmonde.org\/essaouira-tabarly\/wp-json\/wp\/v2\/media?parent=2855"}],"curies":[{"name":"wp","href":"https:\/\/api.w.org\/{rel}","templated":true}]}}