{"id":2761,"date":"2020-09-13T16:52:19","date_gmt":"2020-09-13T16:52:19","guid":{"rendered":"https:\/\/site.mlfmonde.org\/essaouira-tabarly\/?page_id=2761"},"modified":"2023-04-13T23:05:11","modified_gmt":"2023-04-13T23:05:11","slug":"mot-du-directeur","status":"publish","type":"page","link":"https:\/\/site.mlfmonde.org\/essaouira-tabarly\/mot-du-directeur\/","title":{"rendered":"Le mot de la Direction de l&rsquo;ecole"},"content":{"rendered":"\n<figure class=\"wp-block-image size-large is-resized is-style-rounded\"><img loading=\"lazy\" decoding=\"async\" src=\"https:\/\/site.mlfmonde.org\/essaouira-tabarly\/wp-content\/uploads\/sites\/19\/2022\/08\/20220830_110516-1-1024x680.jpg\" alt=\"\" class=\"wp-image-4285\" width=\"768\" height=\"510\" srcset=\"https:\/\/site.mlfmonde.org\/essaouira-tabarly\/wp-content\/uploads\/sites\/19\/2022\/08\/20220830_110516-1-1024x680.jpg 1024w, https:\/\/site.mlfmonde.org\/essaouira-tabarly\/wp-content\/uploads\/sites\/19\/2022\/08\/20220830_110516-1-300x199.jpg 300w, https:\/\/site.mlfmonde.org\/essaouira-tabarly\/wp-content\/uploads\/sites\/19\/2022\/08\/20220830_110516-1-768x510.jpg 768w, https:\/\/site.mlfmonde.org\/essaouira-tabarly\/wp-content\/uploads\/sites\/19\/2022\/08\/20220830_110516-1-1536x1020.jpg 1536w, https:\/\/site.mlfmonde.org\/essaouira-tabarly\/wp-content\/uploads\/sites\/19\/2022\/08\/20220830_110516-1-2048x1360.jpg 2048w, https:\/\/site.mlfmonde.org\/essaouira-tabarly\/wp-content\/uploads\/sites\/19\/2022\/08\/20220830_110516-1-570x379.jpg 570w\" sizes=\"auto, (max-width: 768px) 100vw, 768px\" \/><\/figure>\n\n\n\n<p><\/p>\n\n\n<p>Bonjour \u00e0 toutes et \u00e0 tous, tr\u00e8s chers \u00e9l\u00e8ves, tr\u00e8s chers parents !<\/p>\n<p>Tout d\u2019abord, j\u2019esp\u00e8re que vous avez pass\u00e9 d\u2019agr\u00e9ables vacances, ressour\u00e7antes et entour\u00e9s de vos proches. C\u2019est avec plaisir mais aussi beaucoup d\u2019impatience que nous vous retrouverons ce vendredi 2 septembre pour notre nouvelle ann\u00e9e scolaire. L\u2019accueil des \u00e9l\u00e8ves de la PS \u00e0 la classe de 3<sup>\u00e8me<\/sup> se fera&nbsp;de mani\u00e8re \u00e9chelonn\u00e9e selon le planning qui vous a \u00e9t\u00e9 communiqu\u00e9 par courriel.<\/p>\n<p>Les travaux de mise en conformit\u00e9 de la villa, programm\u00e9s pour cet \u00e9t\u00e9, sont sur le point d\u2019\u00eatre termin\u00e9s, c\u2019est une tr\u00e8s bonne nouvelle pour la mise en s\u00e9curit\u00e9 de tous nos \u00e9l\u00e8ves et de nos personnels.&nbsp;Par ailleurs, nous poursuivons l\u2019\u00e9tude du projet de relocalisation de notre \u00e9cole en partenariat avec les responsables des autorit\u00e9s locales d\u2019Essaouira. C\u2019est une r\u00e9flexion qui doit \u00eatre partag\u00e9e, elle concerne tous les membres de notre communaut\u00e9 scolaire, les personnels de l\u2019\u00e9cole mais aussi les parents et les \u00e9l\u00e8ves.<\/p>\n<p>Cette nouvelle ann\u00e9e scolaire s\u2019annonce aussi sous le signe de la nouveaut\u00e9, avec le projet de restauration, en partenariat avec Mme Souad Dibi, pr\u00e9sidente de l\u2019Association F\u00e9minine Elkhir. J\u2019esp\u00e8re que cette formule conviendra \u00e0 de nombreuses familles.&nbsp;Une r\u00e9union d\u2019information et d\u2019inscription pour les familles int\u00e9ress\u00e9es par cette proposition de restauration est pr\u00e9vue&nbsp;le lundi 5 septembre \u00e0 9h, au si\u00e8ge de l\u2019Association,&nbsp;avenue Attaif, \u00e0 Essaouira.<\/p>\n<p>De nouveaux \u00e9v\u00e9nements et projets p\u00e9dagogiques port\u00e9s par l\u2019\u00e9quipe p\u00e9dagogique ponctueront cette nouvelle ann\u00e9e scolaire. Ils sont essentiels au bien-\u00eatre et \u00e0 l\u2019\u00e9panouissement de vos enfants. Je vous invite ainsi \u00e0 lire chaque fin de semaine notre Hebdo Tabarly, envoy\u00e9 par courriel ou bien directement sur notre site <a href=\"https:\/\/site.mlfmonde.org\/essaouira-tabarly\/hebdo-tabarly\/\">https:\/\/site.mlfmonde.org\/essaouira-tabarly\/hebdo-tabarly\/<\/a><\/p>\n<p>Vous y retrouverez tous les projets de classe et l\u2019actualit\u00e9 de notre \u00e9cole Eric Tabarly.<\/p>\n<p>Nous r\u00e9fl\u00e9chirons cette ann\u00e9e \u00e0 notre nouveau projet d\u2019\u00e9tablissement 2022-2025, il devra viser le plus grand bien-\u00eatre de tous les membres de notre communaut\u00e9 scolaire dans des locaux adapt\u00e9s \u00e0 nos nouveaux besoins, la personnalisation des parcours de formation et la diff\u00e9renciation p\u00e9dagogique pour permettre \u00e0 chaque \u00e9l\u00e8ve la plus grande r\u00e9ussite. Il nous parait important de mettre tout en \u0153uvre pour garantir \u00e0 vos enfants, \u00e0 nos \u00e9l\u00e8ves, une \u00e9ducation citoyenne, plurilingue et pluriculturelle pour les pr\u00e9parer au mieux au monde d\u2019aujourd\u2019hui et de demain.<\/p>\n<p>Je vous remercie chaleureusement pour votre confiance et je sais pouvoir compter sur votre coop\u00e9ration, votre disponibilit\u00e9 et votre investissement \u00e0 nos c\u00f4t\u00e9s pour l\u2019accompagnement de vos enfants dans leur nouveau parcours scolaire&nbsp;22-23 !<\/p>\n<p>Tr\u00e8s belle ann\u00e9e scolaire \u00e0 toutes et \u00e0 tous et \u00e0 tr\u00e8s bient\u00f4t&nbsp;!<\/p>\n<p>Marie-Christine Marcelino<\/p>","protected":false},"excerpt":{"rendered":"<p>Bonjour \u00e0 toutes et \u00e0 tous, tr\u00e8s chers \u00e9l\u00e8ves, tr\u00e8s chers parents ! Tout d\u2019abord, j\u2019esp\u00e8re que vous avez pass\u00e9 d\u2019agr\u00e9ables vacances, ressour\u00e7antes et entour\u00e9s de vos proches. C\u2019est avec plaisir mais aussi beaucoup d\u2019impatience que nous vous retrouverons ce vendredi 2 septembre pour notre nouvelle ann\u00e9e scolaire. L\u2019accueil des \u00e9l\u00e8ves de la PS \u00e0 [&hellip;]<\/p>\n","protected":false},"author":166,"featured_media":4285,"parent":0,"menu_order":1,"comment_status":"closed","ping_status":"closed","template":"","meta":{"_exactmetrics_skip_tracking":false,"_exactmetrics_sitenote_active":false,"_exactmetrics_sitenote_note":"","_exactmetrics_sitenote_category":0,"footnotes":""},"class_list":["post-2761","page","type-page","status-publish","has-post-thumbnail","czr-hentry"],"_links":{"self":[{"href":"https:\/\/site.mlfmonde.org\/essaouira-tabarly\/wp-json\/wp\/v2\/pages\/2761","targetHints":{"allow":["GET"]}}],"collection":[{"href":"https:\/\/site.mlfmonde.org\/essaouira-tabarly\/wp-json\/wp\/v2\/pages"}],"about":[{"href":"https:\/\/site.mlfmonde.org\/essaouira-tabarly\/wp-json\/wp\/v2\/types\/page"}],"author":[{"embeddable":true,"href":"https:\/\/site.mlfmonde.org\/essaouira-tabarly\/wp-json\/wp\/v2\/users\/166"}],"replies":[{"embeddable":true,"href":"https:\/\/site.mlfmonde.org\/essaouira-tabarly\/wp-json\/wp\/v2\/comments?post=2761"}],"version-history":[{"count":14,"href":"https:\/\/site.mlfmonde.org\/essaouira-tabarly\/wp-json\/wp\/v2\/pages\/2761\/revisions"}],"predecessor-version":[{"id":4799,"href":"https:\/\/site.mlfmonde.org\/essaouira-tabarly\/wp-json\/wp\/v2\/pages\/2761\/revisions\/4799"}],"wp:featuredmedia":[{"embeddable":true,"href":"https:\/\/site.mlfmonde.org\/essaouira-tabarly\/wp-json\/wp\/v2\/media\/4285"}],"wp:attachment":[{"href":"https:\/\/site.mlfmonde.org\/essaouira-tabarly\/wp-json\/wp\/v2\/media?parent=2761"}],"curies":[{"name":"wp","href":"https:\/\/api.w.org\/{rel}","templated":true}]}}