{"id":89,"date":"2016-12-26T15:13:02","date_gmt":"2016-12-26T15:13:02","guid":{"rendered":"https:\/\/site.mlfmonde.org\/erbil\/?page_id=89"},"modified":"2017-02-14T15:32:12","modified_gmt":"2017-02-14T15:32:12","slug":"localisation","status":"publish","type":"page","link":"https:\/\/site.mlfmonde.org\/erbil\/localisation\/","title":{"rendered":"Localisation"},"content":{"rendered":"<p>L&rsquo;\u00e9cole se situe \u00e0 c\u00f4t\u00e9 du Lebanese Village, route de Baharka, \u00e0 Erbil, en Irak.<\/p>\n<p><a href=\"https:\/\/www.google.fr\/maps\/place\/Erbil,+Irak\/@36.27765,44.0078812,14z\/data=!4m5!3m4!1s0x400722fe13443461:0x3e01d63391de79d1!8m2!3d36.2062933!4d44.0088697!6m1!1e1\">https:\/\/www.google.fr\/maps\/place\/Erbil,+Irak\/@36.27765,44.0078812,14z\/data=!4m5!3m4!1s0x400722fe13443461:0x3e01d63391de79d1!8m2!3d36.2062933!4d44.0088697!6m1!1e1<\/a><\/p>\n<p>Un bus fait la navette entre les principaux quartiers de la ville et l&rsquo;\u00e9cole.<\/p>\n<p>&nbsp;<\/p>\n<p>&nbsp;<\/p>\n","protected":false},"excerpt":{"rendered":"<p>L&rsquo;\u00e9cole se situe \u00e0 c\u00f4t\u00e9 du Lebanese Village, route de Baharka, \u00e0 Erbil, en Irak. https:\/\/www.google.fr\/maps\/place\/Erbil,+Irak\/@36.27765,44.0078812,14z\/data=!4m5!3m4!1s0x400722fe13443461:0x3e01d63391de79d1!8m2!3d36.2062933!4d44.0088697!6m1!1e1 Un bus fait la navette entre les principaux quartiers de la ville et l&rsquo;\u00e9cole. &nbsp; &nbsp;<\/p>\n","protected":false},"author":86,"featured_media":0,"parent":0,"menu_order":0,"comment_status":"closed","ping_status":"closed","template":"","meta":{"_exactmetrics_skip_tracking":false,"_exactmetrics_sitenote_active":false,"_exactmetrics_sitenote_note":"","_exactmetrics_sitenote_category":0,"footnotes":""},"class_list":["post-89","page","type-page","status-publish","czr-hentry"],"_links":{"self":[{"href":"https:\/\/site.mlfmonde.org\/erbil\/wp-json\/wp\/v2\/pages\/89","targetHints":{"allow":["GET"]}}],"collection":[{"href":"https:\/\/site.mlfmonde.org\/erbil\/wp-json\/wp\/v2\/pages"}],"about":[{"href":"https:\/\/site.mlfmonde.org\/erbil\/wp-json\/wp\/v2\/types\/page"}],"author":[{"embeddable":true,"href":"https:\/\/site.mlfmonde.org\/erbil\/wp-json\/wp\/v2\/users\/86"}],"replies":[{"embeddable":true,"href":"https:\/\/site.mlfmonde.org\/erbil\/wp-json\/wp\/v2\/comments?post=89"}],"version-history":[{"count":6,"href":"https:\/\/site.mlfmonde.org\/erbil\/wp-json\/wp\/v2\/pages\/89\/revisions"}],"predecessor-version":[{"id":381,"href":"https:\/\/site.mlfmonde.org\/erbil\/wp-json\/wp\/v2\/pages\/89\/revisions\/381"}],"wp:attachment":[{"href":"https:\/\/site.mlfmonde.org\/erbil\/wp-json\/wp\/v2\/media?parent=89"}],"curies":[{"name":"wp","href":"https:\/\/api.w.org\/{rel}","templated":true}]}}