{"id":483,"date":"2017-03-27T12:40:06","date_gmt":"2017-03-27T12:40:06","guid":{"rendered":"https:\/\/site.mlfmonde.org\/erbil\/?page_id=483"},"modified":"2017-03-27T12:40:06","modified_gmt":"2017-03-27T12:40:06","slug":"tarifs","status":"publish","type":"page","link":"https:\/\/site.mlfmonde.org\/erbil\/tarifs\/","title":{"rendered":"Tarifs"},"content":{"rendered":"<p>Les tarifs 2017-2018, pour les familles n&rsquo;ayant pas encore d&rsquo;enfants inscrits \u00e0 l&rsquo;\u00e9cole : <a href=\"https:\/\/site.mlfmonde.org\/erbil\/wp-content\/uploads\/sites\/15\/2017\/03\/Annexe-tarifs-2017-2018-1.docx\">Annexe tarifs 2017-2018<\/a><\/p>\n<p>Le r\u00e8glement financier 2017-2018 : <a href=\"https:\/\/site.mlfmonde.org\/erbil\/wp-content\/uploads\/sites\/15\/2017\/03\/R\u00e8glement-financier.doc\">R\u00e8glement financier<\/a><\/p>\n<p>&nbsp;<\/p>\n","protected":false},"excerpt":{"rendered":"<p>Les tarifs 2017-2018, pour les familles n&rsquo;ayant pas encore d&rsquo;enfants inscrits \u00e0 l&rsquo;\u00e9cole : Annexe tarifs 2017-2018 Le r\u00e8glement financier 2017-2018 : R\u00e8glement financier &nbsp;<\/p>\n","protected":false},"author":86,"featured_media":0,"parent":0,"menu_order":0,"comment_status":"closed","ping_status":"closed","template":"","meta":{"_exactmetrics_skip_tracking":false,"_exactmetrics_sitenote_active":false,"_exactmetrics_sitenote_note":"","_exactmetrics_sitenote_category":0,"footnotes":""},"class_list":["post-483","page","type-page","status-publish","czr-hentry"],"_links":{"self":[{"href":"https:\/\/site.mlfmonde.org\/erbil\/wp-json\/wp\/v2\/pages\/483","targetHints":{"allow":["GET"]}}],"collection":[{"href":"https:\/\/site.mlfmonde.org\/erbil\/wp-json\/wp\/v2\/pages"}],"about":[{"href":"https:\/\/site.mlfmonde.org\/erbil\/wp-json\/wp\/v2\/types\/page"}],"author":[{"embeddable":true,"href":"https:\/\/site.mlfmonde.org\/erbil\/wp-json\/wp\/v2\/users\/86"}],"replies":[{"embeddable":true,"href":"https:\/\/site.mlfmonde.org\/erbil\/wp-json\/wp\/v2\/comments?post=483"}],"version-history":[{"count":1,"href":"https:\/\/site.mlfmonde.org\/erbil\/wp-json\/wp\/v2\/pages\/483\/revisions"}],"predecessor-version":[{"id":485,"href":"https:\/\/site.mlfmonde.org\/erbil\/wp-json\/wp\/v2\/pages\/483\/revisions\/485"}],"wp:attachment":[{"href":"https:\/\/site.mlfmonde.org\/erbil\/wp-json\/wp\/v2\/media?parent=483"}],"curies":[{"name":"wp","href":"https:\/\/api.w.org\/{rel}","templated":true}]}}