{"id":432,"date":"2017-03-24T12:17:04","date_gmt":"2017-03-24T12:17:04","guid":{"rendered":"https:\/\/site.mlfmonde.org\/erbil\/?page_id=432"},"modified":"2017-12-08T16:15:59","modified_gmt":"2017-12-08T13:15:59","slug":"creche","status":"publish","type":"page","link":"https:\/\/site.mlfmonde.org\/erbil\/creche\/","title":{"rendered":"Cr\u00e8che"},"content":{"rendered":"<p>La cr\u00e8che accueille les enfants de 16 \u00e0 36 mois, dans un environnement adapt\u00e9 et favorisant l&rsquo;\u00e9panouissement.<\/p>\n<p>Un personnel qualifi\u00e9, francophone prend en charge les enfants de 7h30 \u00e0 17h00.<\/p>\n<p>Retrouvez les actualit\u00e9s de la cr\u00e8che sur la page facebook : <a href=\"https:\/\/www.facebook.com\/La-Cr%C3%A8che-Danielle-Mitterrand-Danielle-Mitterrand-Nursery-123731071669478\/\">https:\/\/www.facebook.com\/La-Creche-Danielle-Mitterrand-Danielle-Mitterrand-Nursery-123731071669478\/<\/a><\/p>\n<p>&nbsp;<\/p>\n","protected":false},"excerpt":{"rendered":"<p>La cr\u00e8che accueille les enfants de 16 \u00e0 36 mois, dans un environnement adapt\u00e9 et favorisant l&rsquo;\u00e9panouissement. Un personnel qualifi\u00e9, francophone prend en charge les enfants de 7h30 \u00e0 17h00. Retrouvez les actualit\u00e9s de la cr\u00e8che sur la page facebook : https:\/\/www.facebook.com\/La-Creche-Danielle-Mitterrand-Danielle-Mitterrand-Nursery-123731071669478\/ &nbsp;<\/p>\n","protected":false},"author":86,"featured_media":0,"parent":0,"menu_order":0,"comment_status":"closed","ping_status":"closed","template":"","meta":{"_exactmetrics_skip_tracking":false,"_exactmetrics_sitenote_active":false,"_exactmetrics_sitenote_note":"","_exactmetrics_sitenote_category":0,"footnotes":""},"class_list":["post-432","page","type-page","status-publish","czr-hentry"],"_links":{"self":[{"href":"https:\/\/site.mlfmonde.org\/erbil\/wp-json\/wp\/v2\/pages\/432","targetHints":{"allow":["GET"]}}],"collection":[{"href":"https:\/\/site.mlfmonde.org\/erbil\/wp-json\/wp\/v2\/pages"}],"about":[{"href":"https:\/\/site.mlfmonde.org\/erbil\/wp-json\/wp\/v2\/types\/page"}],"author":[{"embeddable":true,"href":"https:\/\/site.mlfmonde.org\/erbil\/wp-json\/wp\/v2\/users\/86"}],"replies":[{"embeddable":true,"href":"https:\/\/site.mlfmonde.org\/erbil\/wp-json\/wp\/v2\/comments?post=432"}],"version-history":[{"count":5,"href":"https:\/\/site.mlfmonde.org\/erbil\/wp-json\/wp\/v2\/pages\/432\/revisions"}],"predecessor-version":[{"id":1658,"href":"https:\/\/site.mlfmonde.org\/erbil\/wp-json\/wp\/v2\/pages\/432\/revisions\/1658"}],"wp:attachment":[{"href":"https:\/\/site.mlfmonde.org\/erbil\/wp-json\/wp\/v2\/media?parent=432"}],"curies":[{"name":"wp","href":"https:\/\/api.w.org\/{rel}","templated":true}]}}