{"id":179,"date":"2016-12-26T19:35:18","date_gmt":"2016-12-26T19:35:18","guid":{"rendered":"https:\/\/site.mlfmonde.org\/erbil\/?page_id=179"},"modified":"2016-12-26T19:35:28","modified_gmt":"2016-12-26T19:35:28","slug":"horaires","status":"publish","type":"page","link":"https:\/\/site.mlfmonde.org\/erbil\/horaires\/","title":{"rendered":"Horaires"},"content":{"rendered":"<p>Les \u00e9l\u00e8ves arrivent le matin entre 7H30 et 8H00.<\/p>\n<p>Tous les cours commencent \u00e0 8H00, de la maternelle au lyc\u00e9e.<\/p>\n<p>La journ\u00e9e est continue pour tous les \u00e9l\u00e8ves avec une heure de pause repas et des dur\u00e9es de r\u00e9cr\u00e9ations adapt\u00e9es aux niveaux de classe.<\/p>\n<p>Du dimanche au mercredi les cours se terminent \u00e0 15H00.<\/p>\n<p>Le jeudi les cours se terminent \u00e0 13H00, sauf pour les \u00e9l\u00e8ves qui souhaitent participer \u00e0 des activit\u00e9s extra-scolaires ( club th\u00e9\u00e2tre par exemple ) ou \u00e0 la pr\u00e9paration au DNB ( \u00e9l\u00e8ves de 3\u00e8me ).<\/p>\n<p>Il n&rsquo;y a pas de cours le vendredi ni le samedi<\/p>\n","protected":false},"excerpt":{"rendered":"<p>Les \u00e9l\u00e8ves arrivent le matin entre 7H30 et 8H00. Tous les cours commencent \u00e0 8H00, de la maternelle au lyc\u00e9e. La journ\u00e9e est continue pour tous les \u00e9l\u00e8ves avec une heure de pause repas et des dur\u00e9es de r\u00e9cr\u00e9ations adapt\u00e9es aux niveaux de classe. Du dimanche au mercredi les cours se terminent \u00e0 15H00. Le [&hellip;]<\/p>\n","protected":false},"author":86,"featured_media":0,"parent":0,"menu_order":0,"comment_status":"closed","ping_status":"closed","template":"","meta":{"_exactmetrics_skip_tracking":false,"_exactmetrics_sitenote_active":false,"_exactmetrics_sitenote_note":"","_exactmetrics_sitenote_category":0,"footnotes":""},"class_list":["post-179","page","type-page","status-publish","czr-hentry"],"_links":{"self":[{"href":"https:\/\/site.mlfmonde.org\/erbil\/wp-json\/wp\/v2\/pages\/179","targetHints":{"allow":["GET"]}}],"collection":[{"href":"https:\/\/site.mlfmonde.org\/erbil\/wp-json\/wp\/v2\/pages"}],"about":[{"href":"https:\/\/site.mlfmonde.org\/erbil\/wp-json\/wp\/v2\/types\/page"}],"author":[{"embeddable":true,"href":"https:\/\/site.mlfmonde.org\/erbil\/wp-json\/wp\/v2\/users\/86"}],"replies":[{"embeddable":true,"href":"https:\/\/site.mlfmonde.org\/erbil\/wp-json\/wp\/v2\/comments?post=179"}],"version-history":[{"count":1,"href":"https:\/\/site.mlfmonde.org\/erbil\/wp-json\/wp\/v2\/pages\/179\/revisions"}],"predecessor-version":[{"id":182,"href":"https:\/\/site.mlfmonde.org\/erbil\/wp-json\/wp\/v2\/pages\/179\/revisions\/182"}],"wp:attachment":[{"href":"https:\/\/site.mlfmonde.org\/erbil\/wp-json\/wp\/v2\/media?parent=179"}],"curies":[{"name":"wp","href":"https:\/\/api.w.org\/{rel}","templated":true}]}}